{"id":4136,"date":"2020-07-26T21:36:51","date_gmt":"2020-07-26T21:36:51","guid":{"rendered":"http:\/\/www.lsk-boxing.fr\/?page_id=4136"},"modified":"2025-09-19T16:00:29","modified_gmt":"2025-09-19T16:00:29","slug":"accueil","status":"publish","type":"page","link":"http:\/\/www.lsk-boxing.fr\/","title":{"rendered":"Accueil"},"content":{"rendered":"\n<div class=\"slider-wrapper relative \" id=\"slider-1105051977\" >\n    <div class=\"slider slider-nav-circle slider-nav-large slider-nav-dark slider-style-normal\"\n        data-flickity-options='{\n            \"cellAlign\": \"center\",\n            \"imagesLoaded\": true,\n            \"lazyLoad\": 1,\n            \"freeScroll\": false,\n            \"wrapAround\": true,\n            \"autoPlay\": 6000,\n            \"pauseAutoPlayOnHover\" : true,\n            \"prevNextButtons\": false,\n            \"contain\" : true,\n            \"adaptiveHeight\" : true,\n            \"dragThreshold\" : 10,\n            \"percentPosition\": true,\n            \"pageDots\": false,\n            \"rightToLeft\": false,\n            \"draggable\": true,\n            \"selectedAttraction\": 0.1,\n            \"parallax\" : 0,\n            \"friction\": 0.6        }'\n        >\n        \n\n\n  <div class=\"banner has-hover\" id=\"banner-1078986631\">\n          <div class=\"banner-inner fill\">\n        <div class=\"banner-bg fill\" >\n            <div class=\"bg fill bg-fill \"><\/div>\n                        <div class=\"overlay\"><\/div>            \n                    <\/div><!-- bg-layers -->\n        <div class=\"banner-layers container\">\n            <div class=\"fill banner-link\"><\/div>            \n\n   <div id=\"text-box-1738636949\" class=\"text-box banner-layer x50 md-x50 lg-x50 y30 md-y30 lg-y30 res-text\">\n                                <div class=\"text dark\">\n              \n              <div class=\"text-inner text-center\">\n                  \n\n<p><span style=\"font-size: 130%;\">Si vous voulez pratiquer de la boxe pieds poings et du MMA, venez rejoindre le LSK BOXING 95 afin de devenir un combattant complet et aussi d\u00e9velopper des valeurs martiales et humaines.<\/span><\/p>\n<p><span style=\"font-size: 130%;\">Contactez-moi : 07 63 91 74 23\u00a0<\/span><\/p>\n\n\n              <\/div>\n           <\/div><!-- text-box-inner -->\n                            \n<style scope=\"scope\">\n\n#text-box-1738636949 {\n  width: 82%;\n}\n#text-box-1738636949 .text {\n  font-size: 100%;\n}\n\n\n@media (min-width:550px) {\n\n  #text-box-1738636949 {\n    width: 62%;\n  }\n\n}\n<\/style>\n    <\/div><!-- text-box -->\n \n\n        <\/div><!-- .banner-layers -->\n      <\/div><!-- .banner-inner -->\n\n            \n<style scope=\"scope\">\n\n#banner-1078986631 {\n  padding-top: 549px;\n}\n#banner-1078986631 .bg.bg-loaded {\n  background-image: url(http:\/\/www.lsk-boxing.fr\/wp-content\/uploads\/2022\/09\/male-boxer-boxing-punching-bag-1024x683.jpg);\n}\n#banner-1078986631 .overlay {\n  background-color: rgba(0,0,0,.5);\n}\n#banner-1078986631 .bg {\n  background-position: 54% 4%;\n}\n\n\n@media (min-width:550px) {\n\n  #banner-1078986631 {\n    padding-top: 617px;\n  }\n\n}\n<\/style>\n  <\/div><!-- .banner -->\n\n\n\n  <div class=\"banner has-hover\" id=\"banner-212396352\">\n          <div class=\"banner-inner fill\">\n        <div class=\"banner-bg fill\" >\n            <div class=\"bg fill bg-fill \"><\/div>\n                                    \n                    <\/div><!-- bg-layers -->\n        <div class=\"banner-layers container\">\n            <div class=\"fill banner-link\"><\/div>            \n\n   <div id=\"text-box-691592561\" class=\"text-box banner-layer x50 md-x100 lg-x80 y90 md-y5 lg-y95 res-text\">\n                                <div class=\"text dark\">\n              \n              <div class=\"text-inner text-center\">\n                  \n\n<h2><span style=\"color: #282828; font-size: 75%;\"><strong>Vous aussi vous souhaitez pratiquer un sport de combat ?&nbsp;<\/strong><\/span><\/h2>\n<a href=\"http:\/\/www.lsk-boxing.fr\/?page_id=399\" target=\"_self\" class=\"button primary is-larger\"  style=\"border-radius:99px;\">\n    <span>inscription<\/span>\n  <\/a>\n\n\n\n              <\/div>\n           <\/div><!-- text-box-inner -->\n                            \n<style scope=\"scope\">\n\n#text-box-691592561 .text {\n  background-color: rgba(255, 255, 255, 0.31);\n  font-size: 100%;\n}\n#text-box-691592561 {\n  width: 72%;\n}\n\n\n@media (min-width:550px) {\n\n  #text-box-691592561 {\n    width: 54%;\n  }\n\n}\n\n\n@media (min-width:850px) {\n\n  #text-box-691592561 {\n    width: 50%;\n  }\n\n}\n<\/style>\n    <\/div><!-- text-box -->\n \n\n        <\/div><!-- .banner-layers -->\n      <\/div><!-- .banner-inner -->\n\n            \n<style scope=\"scope\">\n\n#banner-212396352 {\n  padding-top: 549px;\n}\n#banner-212396352 .bg.bg-loaded {\n  background-image: url(http:\/\/www.lsk-boxing.fr\/wp-content\/uploads\/2020\/12\/5fd8785c9c6bd.jpg);\n}\n#banner-212396352 .bg {\n  background-position: 19% 53%;\n}\n\n\n@media (min-width:550px) {\n\n  #banner-212396352 {\n    padding-top: 263px;\n  }\n\n}\n\n\n@media (min-width:850px) {\n\n  #banner-212396352 {\n    padding-top: 617px;\n  }\n\n}\n<\/style>\n  <\/div><!-- .banner -->\n\n\n\n     <\/div>\n\n     <div class=\"loading-spin dark large centered\"><\/div>\n\n     <style scope=\"scope\">\n             <\/style>\n<\/div><!-- .ux-slider-wrapper -->\n\n\n\n  <div class=\"banner has-hover\" id=\"banner-895514826\">\n          <div class=\"banner-inner fill\">\n        <div class=\"banner-bg fill\" >\n            <div class=\"bg fill bg-fill \"><\/div>\n                                    \n                    <\/div><!-- bg-layers -->\n        <div class=\"banner-layers container\">\n            <div class=\"fill banner-link\"><\/div>            \n\n   <div id=\"text-box-836342772\" class=\"text-box banner-layer x50 md-x95 lg-x95 y100 md-y25 lg-y25 res-text\">\n                                <div class=\"text dark\">\n              \n              <div class=\"text-inner text-center\">\n                  \n\n<h4 class=\"uppercase\"><span style=\"color: #282828;\"><strong>Kick boxing \/ K1 rules<\/strong><\/span><\/h4>\n<p><span style=\"color: #282828;\">Le kickboxing&nbsp;d\u00e9signe&nbsp; l\u2019ensemble des pratiques de combat utilisant les&nbsp;coups de pied&nbsp;et&nbsp;coups de poing.<\/span><\/p>\n<a href=\"http:\/\/www.lsk-boxing.fr\/?page_id=17\" target=\"_self\" class=\"button primary is-outline\"  style=\"border-radius:99px;\">\n    <span>EN SAVOIR PLUS<\/span>\n  <\/a>\n\n\n\n              <\/div>\n           <\/div><!-- text-box-inner -->\n                            \n<style scope=\"scope\">\n\n#text-box-836342772 {\n  width: 97%;\n}\n#text-box-836342772 .text {\n  font-size: 100%;\n}\n\n\n@media (min-width:550px) {\n\n  #text-box-836342772 {\n    width: 60%;\n  }\n\n}\n<\/style>\n    <\/div><!-- text-box -->\n \n   <div id=\"text-box-1318632383\" class=\"text-box banner-layer x50 md-x5 lg-x5 y0 md-y50 lg-y50 res-text\">\n                                <div class=\"text dark\">\n              \n              <div class=\"text-inner text-center\">\n                  \n\n\t<div class=\"img has-hover x md-x lg-x y md-y lg-y\" id=\"image_464055025\">\n\t\t\t\t\t\t\t\t<div class=\"img-inner dark\" >\n\t\t\t<img loading=\"lazy\" decoding=\"async\" width=\"1020\" height=\"1020\" src=\"http:\/\/www.lsk-boxing.fr\/wp-content\/uploads\/2020\/07\/r1-05-1024x1024.jpg\" class=\"attachment-large size-large\" alt=\"\" srcset=\"http:\/\/www.lsk-boxing.fr\/wp-content\/uploads\/2020\/07\/r1-05-1024x1024.jpg 1024w, http:\/\/www.lsk-boxing.fr\/wp-content\/uploads\/2020\/07\/r1-05-300x300.jpg 300w, http:\/\/www.lsk-boxing.fr\/wp-content\/uploads\/2020\/07\/r1-05-100x100.jpg 100w, http:\/\/www.lsk-boxing.fr\/wp-content\/uploads\/2020\/07\/r1-05-768x768.jpg 768w, http:\/\/www.lsk-boxing.fr\/wp-content\/uploads\/2020\/07\/r1-05-1536x1536.jpg 1536w, http:\/\/www.lsk-boxing.fr\/wp-content\/uploads\/2020\/07\/r1-05.jpg 1801w\" sizes=\"auto, (max-width: 1020px) 100vw, 1020px\" \/>\t\t\t\t\t\t\n\t\t\t\t\t<\/div>\n\t\t\t\t\t\t\t\t\n<style scope=\"scope\">\n\n#image_464055025 {\n  width: 100%;\n}\n<\/style>\n\t<\/div>\n\t\n\n\n              <\/div>\n           <\/div><!-- text-box-inner -->\n                            \n<style scope=\"scope\">\n\n#text-box-1318632383 {\n  width: 51%;\n}\n#text-box-1318632383 .text {\n  font-size: 100%;\n}\n\n\n@media (min-width:550px) {\n\n  #text-box-1318632383 {\n    width: 30%;\n  }\n\n}\n<\/style>\n    <\/div><!-- text-box -->\n \n\n        <\/div><!-- .banner-layers -->\n      <\/div><!-- .banner-inner -->\n\n            \n<style scope=\"scope\">\n\n#banner-895514826 {\n  padding-top: 293px;\n  background-color: rgb(255,255,255);\n}\n\n\n@media (min-width:550px) {\n\n  #banner-895514826 {\n    padding-top: 240px;\n  }\n\n}\n\n\n@media (min-width:850px) {\n\n  #banner-895514826 {\n    padding-top: 300px;\n  }\n\n}\n<\/style>\n  <\/div><!-- .banner -->\n\n\n\n  <div class=\"banner has-hover\" id=\"banner-1064187329\">\n          <div class=\"banner-inner fill\">\n        <div class=\"banner-bg fill\" >\n            <div class=\"bg fill bg-fill \"><\/div>\n                                    \n                    <\/div><!-- bg-layers -->\n        <div class=\"banner-layers container\">\n            <div class=\"fill banner-link\"><\/div>            \n\n   <div id=\"text-box-1587141224\" class=\"text-box banner-layer x100 md-x5 lg-x5 y90 md-y50 lg-y50 res-text\">\n                                <div class=\"text dark\">\n              \n              <div class=\"text-inner text-center\">\n                  \n\n<h4 class=\"uppercase\"><span style=\"color: #282828;\">Boxe tha\u00ef \/ Muay Tha\u00ef<\/span><\/h4>\n<p><span style=\"color: #282828;\">La boxe Tha\u00eflandaise ou Muai Tha\u00ef est un sport de combat et art martial d\u2019origine tha\u00eflandaise.<\/span><\/p>\n<a href=\"http:\/\/www.lsk-boxing.fr\/?page_id=20\" target=\"_self\" class=\"button primary is-outline\"  style=\"border-radius:99px;\">\n    <span>EN SAVOIR PLUS<\/span>\n  <\/a>\n\n\n\n              <\/div>\n           <\/div><!-- text-box-inner -->\n                            \n<style scope=\"scope\">\n\n#text-box-1587141224 {\n  width: 95%;\n}\n#text-box-1587141224 .text {\n  font-size: 100%;\n}\n\n\n@media (min-width:550px) {\n\n  #text-box-1587141224 {\n    width: 60%;\n  }\n\n}\n<\/style>\n    <\/div><!-- text-box -->\n \n   <div id=\"text-box-1590399286\" class=\"text-box banner-layer x50 md-x95 lg-x95 y0 md-y50 lg-y50 res-text\">\n                                <div class=\"text dark\">\n              \n              <div class=\"text-inner text-center\">\n                  \n\n\t<div class=\"img has-hover x md-x lg-x y md-y lg-y\" id=\"image_909107033\">\n\t\t\t\t\t\t\t\t<div class=\"img-inner dark\" >\n\t\t\t<img loading=\"lazy\" decoding=\"async\" width=\"1020\" height=\"1020\" src=\"http:\/\/www.lsk-boxing.fr\/wp-content\/uploads\/2020\/07\/MUAI-TAI-05-1024x1024.jpg\" class=\"attachment-large size-large\" alt=\"\" srcset=\"http:\/\/www.lsk-boxing.fr\/wp-content\/uploads\/2020\/07\/MUAI-TAI-05-1024x1024.jpg 1024w, http:\/\/www.lsk-boxing.fr\/wp-content\/uploads\/2020\/07\/MUAI-TAI-05-300x300.jpg 300w, http:\/\/www.lsk-boxing.fr\/wp-content\/uploads\/2020\/07\/MUAI-TAI-05-100x100.jpg 100w, http:\/\/www.lsk-boxing.fr\/wp-content\/uploads\/2020\/07\/MUAI-TAI-05-768x768.jpg 768w, http:\/\/www.lsk-boxing.fr\/wp-content\/uploads\/2020\/07\/MUAI-TAI-05-1536x1536.jpg 1536w, http:\/\/www.lsk-boxing.fr\/wp-content\/uploads\/2020\/07\/MUAI-TAI-05.jpg 1801w\" sizes=\"auto, (max-width: 1020px) 100vw, 1020px\" \/>\t\t\t\t\t\t\n\t\t\t\t\t<\/div>\n\t\t\t\t\t\t\t\t\n<style scope=\"scope\">\n\n#image_909107033 {\n  width: 100%;\n}\n<\/style>\n\t<\/div>\n\t\n\n\n              <\/div>\n           <\/div><!-- text-box-inner -->\n                            \n<style scope=\"scope\">\n\n#text-box-1590399286 {\n  width: 53%;\n}\n#text-box-1590399286 .text {\n  font-size: 100%;\n}\n\n\n@media (min-width:550px) {\n\n  #text-box-1590399286 {\n    width: 30%;\n  }\n\n}\n<\/style>\n    <\/div><!-- text-box -->\n \n\n        <\/div><!-- .banner-layers -->\n      <\/div><!-- .banner-inner -->\n\n            \n<style scope=\"scope\">\n\n#banner-1064187329 {\n  padding-top: 346px;\n  background-color: rgb(255,255,255);\n}\n\n\n@media (min-width:550px) {\n\n  #banner-1064187329 {\n    padding-top: 240px;\n  }\n\n}\n\n\n@media (min-width:850px) {\n\n  #banner-1064187329 {\n    padding-top: 300px;\n  }\n\n}\n<\/style>\n  <\/div><!-- .banner -->\n\n\n\n  <div class=\"banner has-hover\" id=\"banner-826631479\">\n          <div class=\"banner-inner fill\">\n        <div class=\"banner-bg fill\" >\n            <div class=\"bg fill bg-fill \"><\/div>\n                                    \n                    <\/div><!-- bg-layers -->\n        <div class=\"banner-layers container\">\n            <div class=\"fill banner-link\"><\/div>            \n\n   <div id=\"text-box-1981413277\" class=\"text-box banner-layer x100 md-x95 lg-x95 y90 md-y50 lg-y50 res-text\">\n                                <div class=\"text dark\">\n              \n              <div class=\"text-inner text-center\">\n                  \n\n<h4 class=\"uppercase\"><span style=\"color: #282828;\">MMA (Mixed martial arts)<\/span><\/h4>\n<p><span style=\"color: #282828;\">Les&nbsp;arts martiaux mixtes&nbsp;ou&nbsp;<dfn><span lang=\"en\">mixed martial arts<\/span><\/dfn>&nbsp;(<span lang=\"en\">MMA<\/span>), (et anciennement&nbsp;combat libre&nbsp;ou&nbsp;free-fight), sont un&nbsp;<a style=\"color: #282828;\" title=\"Sport de combat\" href=\"https:\/\/fr.wikipedia.org\/wiki\/Sport_de_combat\" target=\"_blank\" rel=\"noopener noreferrer\" data-saferedirecturl=\"https:\/\/www.google.com\/url?q=https:\/\/fr.wikipedia.org\/wiki\/Sport_de_combat&amp;source=gmail&amp;ust=1595884061834000&amp;usg=AFQjCNFoy-fLNwZ3l1fYu2Jc-4TUPm1mow\">sport de combat<\/a>&nbsp;complet, associant&nbsp;les techniques de percussions&nbsp;et&nbsp;la&nbsp;<a style=\"color: #282828;\" title=\"Lutte\" href=\"https:\/\/fr.wikipedia.org\/wiki\/Lutte\" target=\"_blank\" rel=\"noopener noreferrer\" data-saferedirecturl=\"https:\/\/www.google.com\/url?q=https:\/\/fr.wikipedia.org\/wiki\/Lutte&amp;source=gmail&amp;ust=1595884061834000&amp;usg=AFQjCNF56e7_-ndpH6D9nMoGhZQWc66Eiw\">lutte<\/a>&nbsp;au corps \u00e0 corps.<\/span><\/p>\n<a href=\"http:\/\/www.lsk-boxing.fr\/?page_id=19\" target=\"_self\" class=\"button primary is-outline\"  style=\"border-radius:99px;\">\n    <span>EN SAVOIR PLUS<\/span>\n  <\/a>\n\n\n\n              <\/div>\n           <\/div><!-- text-box-inner -->\n                            \n<style scope=\"scope\">\n\n#text-box-1981413277 {\n  width: 95%;\n}\n#text-box-1981413277 .text {\n  font-size: 100%;\n}\n\n\n@media (min-width:550px) {\n\n  #text-box-1981413277 {\n    width: 60%;\n  }\n\n}\n<\/style>\n    <\/div><!-- text-box -->\n \n   <div id=\"text-box-498495982\" class=\"text-box banner-layer x50 md-x0 lg-x0 y0 md-y50 lg-y50 res-text\">\n                                <div class=\"text dark\">\n              \n              <div class=\"text-inner text-center\">\n                  \n\n\t<div class=\"img has-hover x md-x lg-x y md-y lg-y\" id=\"image_2093976745\">\n\t\t\t\t\t\t\t\t<div class=\"img-inner dark\" >\n\t\t\t<img loading=\"lazy\" decoding=\"async\" width=\"1020\" height=\"1020\" src=\"http:\/\/www.lsk-boxing.fr\/wp-content\/uploads\/2020\/07\/mma-05-1024x1024.jpg\" class=\"attachment-large size-large\" alt=\"\" srcset=\"http:\/\/www.lsk-boxing.fr\/wp-content\/uploads\/2020\/07\/mma-05-1024x1024.jpg 1024w, http:\/\/www.lsk-boxing.fr\/wp-content\/uploads\/2020\/07\/mma-05-300x300.jpg 300w, http:\/\/www.lsk-boxing.fr\/wp-content\/uploads\/2020\/07\/mma-05-100x100.jpg 100w, http:\/\/www.lsk-boxing.fr\/wp-content\/uploads\/2020\/07\/mma-05-768x768.jpg 768w, http:\/\/www.lsk-boxing.fr\/wp-content\/uploads\/2020\/07\/mma-05-1536x1536.jpg 1536w, http:\/\/www.lsk-boxing.fr\/wp-content\/uploads\/2020\/07\/mma-05.jpg 1801w\" sizes=\"auto, (max-width: 1020px) 100vw, 1020px\" \/>\t\t\t\t\t\t\n\t\t\t\t\t<\/div>\n\t\t\t\t\t\t\t\t\n<style scope=\"scope\">\n\n#image_2093976745 {\n  width: 100%;\n}\n<\/style>\n\t<\/div>\n\t\n\n\n              <\/div>\n           <\/div><!-- text-box-inner -->\n                            \n<style scope=\"scope\">\n\n#text-box-498495982 {\n  width: 53%;\n}\n#text-box-498495982 .text {\n  font-size: 100%;\n}\n\n\n@media (min-width:550px) {\n\n  #text-box-498495982 {\n    width: 30%;\n  }\n\n}\n<\/style>\n    <\/div><!-- text-box -->\n \n\n        <\/div><!-- .banner-layers -->\n      <\/div><!-- .banner-inner -->\n\n            \n<style scope=\"scope\">\n\n#banner-826631479 {\n  padding-top: 346px;\n  background-color: rgb(255,255,255);\n}\n\n\n@media (min-width:550px) {\n\n  #banner-826631479 {\n    padding-top: 240px;\n  }\n\n}\n\n\n@media (min-width:850px) {\n\n  #banner-826631479 {\n    padding-top: 300px;\n  }\n\n}\n<\/style>\n  <\/div><!-- .banner -->\n\n\n\n  <div class=\"banner has-hover\" id=\"banner-986905195\">\n          <div class=\"banner-inner fill\">\n        <div class=\"banner-bg fill\" >\n            <div class=\"bg fill bg-fill \"><\/div>\n                                    \n                    <\/div><!-- bg-layers -->\n        <div class=\"banner-layers container\">\n            <div class=\"fill banner-link\"><\/div>            \n\n   <div id=\"text-box-2062220784\" class=\"text-box banner-layer x100 md-x0 lg-x0 y90 md-y50 lg-y50 res-text\">\n                                <div class=\"text dark\">\n              \n              <div class=\"text-inner text-center\">\n                  \n\n<h4 class=\"uppercase\"><span style=\"color: #282828;\">COURS enfants<\/span><\/h4>\n<p><span style=\"color: #282828;\">Le Kickboxing et la Boxe Tha\u00ef sont des sports de combat pieds-poings, ils demandent de la rigueur et de la discipline de la part de tous ses acteurs.<\/span><\/p>\n<a href=\"http:\/\/www.lsk-boxing.fr\/?page_id=2782\" target=\"_self\" class=\"button primary is-outline\"  style=\"border-radius:99px;\">\n    <span>EN SAVOIR PLUS<\/span>\n  <\/a>\n\n\n\n              <\/div>\n           <\/div><!-- text-box-inner -->\n                            \n<style scope=\"scope\">\n\n#text-box-2062220784 {\n  width: 95%;\n}\n#text-box-2062220784 .text {\n  font-size: 100%;\n}\n\n\n@media (min-width:550px) {\n\n  #text-box-2062220784 {\n    width: 60%;\n  }\n\n}\n<\/style>\n    <\/div><!-- text-box -->\n \n   <div id=\"text-box-1552532273\" class=\"text-box banner-layer x50 md-x100 lg-x100 y0 md-y50 lg-y50 res-text\">\n                                <div class=\"text dark\">\n              \n              <div class=\"text-inner text-center\">\n                  \n\n\t<div class=\"img has-hover x md-x lg-x y md-y lg-y\" id=\"image_1292265167\">\n\t\t\t\t\t\t\t\t<div class=\"img-inner dark\" >\n\t\t\t<img loading=\"lazy\" decoding=\"async\" width=\"1020\" height=\"1020\" src=\"http:\/\/www.lsk-boxing.fr\/wp-content\/uploads\/2020\/07\/boxe-enfant-05-1024x1024.jpg\" class=\"attachment-large size-large\" alt=\"\" srcset=\"http:\/\/www.lsk-boxing.fr\/wp-content\/uploads\/2020\/07\/boxe-enfant-05-1024x1024.jpg 1024w, http:\/\/www.lsk-boxing.fr\/wp-content\/uploads\/2020\/07\/boxe-enfant-05-300x300.jpg 300w, http:\/\/www.lsk-boxing.fr\/wp-content\/uploads\/2020\/07\/boxe-enfant-05-100x100.jpg 100w, http:\/\/www.lsk-boxing.fr\/wp-content\/uploads\/2020\/07\/boxe-enfant-05-768x768.jpg 768w, http:\/\/www.lsk-boxing.fr\/wp-content\/uploads\/2020\/07\/boxe-enfant-05-1536x1536.jpg 1536w, http:\/\/www.lsk-boxing.fr\/wp-content\/uploads\/2020\/07\/boxe-enfant-05.jpg 1801w\" sizes=\"auto, (max-width: 1020px) 100vw, 1020px\" \/>\t\t\t\t\t\t\n\t\t\t\t\t<\/div>\n\t\t\t\t\t\t\t\t\n<style scope=\"scope\">\n\n#image_1292265167 {\n  width: 100%;\n}\n<\/style>\n\t<\/div>\n\t\n\n\n              <\/div>\n           <\/div><!-- text-box-inner -->\n                            \n<style scope=\"scope\">\n\n#text-box-1552532273 {\n  width: 53%;\n}\n#text-box-1552532273 .text {\n  font-size: 100%;\n}\n\n\n@media (min-width:550px) {\n\n  #text-box-1552532273 {\n    width: 30%;\n  }\n\n}\n<\/style>\n    <\/div><!-- text-box -->\n \n\n        <\/div><!-- .banner-layers -->\n      <\/div><!-- .banner-inner -->\n\n            \n<style scope=\"scope\">\n\n#banner-986905195 {\n  padding-top: 346px;\n  background-color: rgb(255,255,255);\n}\n\n\n@media (min-width:550px) {\n\n  #banner-986905195 {\n    padding-top: 240px;\n  }\n\n}\n\n\n@media (min-width:850px) {\n\n  #banner-986905195 {\n    padding-top: 300px;\n  }\n\n}\n<\/style>\n  <\/div><!-- .banner -->\n\n\n\n  <div class=\"banner has-hover\" id=\"banner-1121349004\">\n          <div class=\"banner-inner fill\">\n        <div class=\"banner-bg fill\" >\n            <div class=\"bg fill bg-fill \"><\/div>\n                                    \n                    <\/div><!-- bg-layers -->\n        <div class=\"banner-layers container\">\n            <div class=\"fill banner-link\"><\/div>            \n\n   <div id=\"text-box-307091477\" class=\"text-box banner-layer x100 md-x95 lg-x95 y90 md-y50 lg-y50 res-text\">\n                                <div class=\"text dark\">\n              \n              <div class=\"text-inner text-center\">\n                  \n\n<h4 class=\"uppercase\"><span style=\"color: #282828;\">A\u00e9ro kick \/ cardio-boxing<\/span><\/h4>\n<p><span style=\"color: #282828;\">Forme de pratique des ann\u00e9es 1990, issue des \u00c9tats-Unis ax\u00e9e sur la condition physique et notamment le d\u00e9veloppement de la fonction cardio-respiratoire (appel\u00e9e \u00ab cardio-training \u00bb). Elle consiste \u00e0 ex\u00e9cuter des techniques de boxe et d\u2019art martial&#8230;<\/span><\/p>\n<a href=\"http:\/\/www.lsk-boxing.fr\/?page_id=127\" target=\"_self\" class=\"button primary is-outline\"  style=\"border-radius:99px;\">\n    <span>EN SAVOIR PLUS<\/span>\n  <\/a>\n\n\n\n              <\/div>\n           <\/div><!-- text-box-inner -->\n                            \n<style scope=\"scope\">\n\n#text-box-307091477 {\n  width: 95%;\n}\n#text-box-307091477 .text {\n  font-size: 100%;\n}\n\n\n@media (min-width:550px) {\n\n  #text-box-307091477 {\n    width: 60%;\n  }\n\n}\n<\/style>\n    <\/div><!-- text-box -->\n \n   <div id=\"text-box-1067692284\" class=\"text-box banner-layer x50 md-x0 lg-x0 y0 md-y50 lg-y50 res-text\">\n                                <div class=\"text dark\">\n              \n              <div class=\"text-inner text-center\">\n                  \n\n\t<div class=\"img has-hover x md-x lg-x y md-y lg-y\" id=\"image_508546304\">\n\t\t\t\t\t\t\t\t<div class=\"img-inner dark\" >\n\t\t\t<img loading=\"lazy\" decoding=\"async\" width=\"1020\" height=\"1020\" src=\"http:\/\/www.lsk-boxing.fr\/wp-content\/uploads\/2020\/08\/cardio-boxing-05-1024x1024.jpg\" class=\"attachment-large size-large\" alt=\"\" srcset=\"http:\/\/www.lsk-boxing.fr\/wp-content\/uploads\/2020\/08\/cardio-boxing-05-1024x1024.jpg 1024w, http:\/\/www.lsk-boxing.fr\/wp-content\/uploads\/2020\/08\/cardio-boxing-05-300x300.jpg 300w, http:\/\/www.lsk-boxing.fr\/wp-content\/uploads\/2020\/08\/cardio-boxing-05-100x100.jpg 100w, http:\/\/www.lsk-boxing.fr\/wp-content\/uploads\/2020\/08\/cardio-boxing-05-768x768.jpg 768w, http:\/\/www.lsk-boxing.fr\/wp-content\/uploads\/2020\/08\/cardio-boxing-05-1536x1536.jpg 1536w, http:\/\/www.lsk-boxing.fr\/wp-content\/uploads\/2020\/08\/cardio-boxing-05.jpg 1801w\" sizes=\"auto, (max-width: 1020px) 100vw, 1020px\" \/>\t\t\t\t\t\t\n\t\t\t\t\t<\/div>\n\t\t\t\t\t\t\t\t\n<style scope=\"scope\">\n\n#image_508546304 {\n  width: 100%;\n}\n<\/style>\n\t<\/div>\n\t\n\n\n              <\/div>\n           <\/div><!-- text-box-inner -->\n                            \n<style scope=\"scope\">\n\n#text-box-1067692284 {\n  width: 53%;\n}\n#text-box-1067692284 .text {\n  font-size: 100%;\n}\n\n\n@media (min-width:550px) {\n\n  #text-box-1067692284 {\n    width: 30%;\n  }\n\n}\n<\/style>\n    <\/div><!-- text-box -->\n \n\n        <\/div><!-- .banner-layers -->\n      <\/div><!-- .banner-inner -->\n\n            \n<style scope=\"scope\">\n\n#banner-1121349004 {\n  padding-top: 346px;\n  background-color: rgb(255,255,255);\n}\n\n\n@media (min-width:550px) {\n\n  #banner-1121349004 {\n    padding-top: 240px;\n  }\n\n}\n\n\n@media (min-width:850px) {\n\n  #banner-1121349004 {\n    padding-top: 300px;\n  }\n\n}\n<\/style>\n  <\/div><!-- .banner -->\n\n\n\n","protected":false},"excerpt":{"rendered":"","protected":false},"author":2,"featured_media":0,"parent":0,"menu_order":0,"comment_status":"closed","ping_status":"closed","template":"","meta":{"ngg_post_thumbnail":0,"footnotes":""},"class_list":["post-4136","page","type-page","status-publish","hentry"],"_links":{"self":[{"href":"http:\/\/www.lsk-boxing.fr\/index.php?rest_route=\/wp\/v2\/pages\/4136","targetHints":{"allow":["GET"]}}],"collection":[{"href":"http:\/\/www.lsk-boxing.fr\/index.php?rest_route=\/wp\/v2\/pages"}],"about":[{"href":"http:\/\/www.lsk-boxing.fr\/index.php?rest_route=\/wp\/v2\/types\/page"}],"author":[{"embeddable":true,"href":"http:\/\/www.lsk-boxing.fr\/index.php?rest_route=\/wp\/v2\/users\/2"}],"replies":[{"embeddable":true,"href":"http:\/\/www.lsk-boxing.fr\/index.php?rest_route=%2Fwp%2Fv2%2Fcomments&post=4136"}],"version-history":[{"count":51,"href":"http:\/\/www.lsk-boxing.fr\/index.php?rest_route=\/wp\/v2\/pages\/4136\/revisions"}],"predecessor-version":[{"id":4485,"href":"http:\/\/www.lsk-boxing.fr\/index.php?rest_route=\/wp\/v2\/pages\/4136\/revisions\/4485"}],"wp:attachment":[{"href":"http:\/\/www.lsk-boxing.fr\/index.php?rest_route=%2Fwp%2Fv2%2Fmedia&parent=4136"}],"curies":[{"name":"wp","href":"https:\/\/api.w.org\/{rel}","templated":true}]}}