{"id":399,"date":"2009-06-10T15:51:00","date_gmt":"2009-06-10T15:51:00","guid":{"rendered":"http:\/\/www.lsk-boxing.fr\/?page_id=399"},"modified":"2025-09-03T17:18:40","modified_gmt":"2025-09-03T17:18:40","slug":"inscriptions","status":"publish","type":"page","link":"http:\/\/www.lsk-boxing.fr\/?page_id=399","title":{"rendered":"Inscriptions 2025\/2026"},"content":{"rendered":"\n\n  <div class=\"banner has-hover\" id=\"banner-114626558\">\n          <div class=\"banner-inner fill\">\n        <div class=\"banner-bg fill\" >\n            <div class=\"bg fill bg-fill \"><\/div>\n                                    \n                    <\/div><!-- bg-layers -->\n        <div class=\"banner-layers container\">\n            <div class=\"fill banner-link\"><\/div>            \n\n   <div id=\"text-box-500354400\" class=\"text-box banner-layer x50 md-x50 lg-x50 y50 md-y50 lg-y50 res-text\">\n                                <div class=\"text dark\">\n              \n              <div class=\"text-inner text-center\">\n                  \n\n<h3 class=\"uppercase\"><strong>INSCRIPTION POUR LA SAISON 2025\/2026<\/strong><\/h3>\n<p>Feuille d&rsquo;inscription toutes disciplines : <a href=\"\/wp-content\/uploads\/2023\/08\/FICHE-INSCRIPTION-LSK-25-26.pdf\"><span style=\"text-decoration: underline;\">cliquez ici !<\/span><\/a><\/p>\n<p>Feuille d&rsquo;inscription A\u00e9ro Kick : <a href=\"\/wp-content\/uploads\/2023\/08\/FICHE-INSCRIPTION-AEROKICK-25-26.pdf\"><span style=\"text-decoration: underline;\">cliquez ici !<\/span><\/a><\/p>\n\n              <\/div>\n           <\/div><!-- text-box-inner -->\n                            \n<style scope=\"scope\">\n\n#text-box-500354400 {\n  width: 88%;\n}\n#text-box-500354400 .text {\n  font-size: 100%;\n}\n\n\n@media (min-width:550px) {\n\n  #text-box-500354400 {\n    width: 60%;\n  }\n\n}\n<\/style>\n    <\/div><!-- text-box -->\n \n\n        <\/div><!-- .banner-layers -->\n      <\/div><!-- .banner-inner -->\n\n            \n<style scope=\"scope\">\n\n#banner-114626558 {\n  padding-top: 244px;\n}\n\n\n@media (min-width:850px) {\n\n  #banner-114626558 {\n    padding-top: 308px;\n  }\n\n}\n<\/style>\n  <\/div><!-- .banner -->\n\n\n\n  <div class=\"banner has-hover\" id=\"banner-1939731578\">\n          <div class=\"banner-inner fill\">\n        <div class=\"banner-bg fill\" >\n            <div class=\"bg fill bg-fill \"><\/div>\n                                    \n                    <\/div><!-- bg-layers -->\n        <div class=\"banner-layers container\">\n            <div class=\"fill banner-link\"><\/div>            \n\n   <div id=\"text-box-701143966\" class=\"text-box banner-layer x50 md-x50 lg-x50 y50 md-y50 lg-y50 res-text\">\n                                <div class=\"text dark\">\n              \n              <div class=\"text-inner text-center\">\n                  \n\n<div class=\"container section-title-container\" ><h3 class=\"section-title section-title-bold-center\"><b><\/b><span class=\"section-title-main\" style=\"color:rgb(0, 0, 0);\">INFORMATIONS IMPORTANTES<\/span><b><\/b><\/h3><\/div><!-- .section-title -->\n\n<p><span style=\"color: #d83131; font-family: impact, sans-serif; font-size: 150%;\">POUR LE DOSSIER D&rsquo;INSCRIPTION MERCI DE LE FAIRE EN UNE FOIS AVEC TOUS LES DOCUMENTS DEMAND\u00c9S SOUS PEINE DE REFUS<\/span><\/p>\n<p><span style=\"color: #ed1c24; font-size: 130%;\"><strong>TOUTE INSCRIPTION EST DEFINITIVE &#8211; AUCUN REMBOURSEMENT NE SERA POSSIBLE !\u00a0\u00a0<\/strong><\/span><\/p>\n<p style=\"text-align: left;\"><span style=\"color: #282828; font-size: 100%;\">Pour votre inscription, il est n\u00e9cessaire de vous munir de :<\/span><\/p>\n<p style=\"text-align: left;\"><span style=\"color: #282828; font-size: 100%;\">=&gt; une p<span style=\"background-color: #ffffff;\">h<\/span>oto<\/span><\/p>\n<p style=\"text-align: left;\"><span style=\"color: #282828; font-size: 100%;\">=&gt; une attestation parentale pour les mineurs t\u00e9l\u00e9c<span style=\"background-color: #ffffff;\">hargeable; <\/span><\/span><span style=\"text-decoration: underline;\"><a href=\"http:\/\/www.lsk-boxing.fr\/wp-content\/uploads\/2021\/09\/DOC4_Autorisation-parentale_mineur_2021-1.pdf\"><span style=\"color: #d83131; text-decoration: underline;\"><strong>CLIQUEZ ICI !<\/strong><\/span><\/a><\/span><\/p>\n<p style=\"text-align: left;\"><span style=\"font-size: 100%;\"><span style=\"color: #282828;\">=&gt; <span style=\"color: #333399;\"><em><span style=\"text-decoration: underline;\"><strong>POUR LES ADULTES :<\/strong><\/span><\/em><\/span>\u00a0<a style=\"color: #282828;\" href=\"http:\/\/lsk-boxing.fr\/dloads\/certificat medical.pdf\"><strong>Un certificat m\u00e9dical<\/strong><\/a><\/span> (<span style=\"text-decoration: underline;\"><a href=\"http:\/\/www.lsk-boxing.fr\/wp-content\/uploads\/2021\/09\/DOC8_Certificat-medical_light-et-loisir.pdf\"><strong><span style=\"color: #d83131; text-decoration: underline;\">CLIQUEZ ICI<\/span><\/strong><\/a>)<\/span> <span style=\"background-color: #ffffff; color: #282828;\">pour la pratique de la discipline associ\u00e9e. Le m\u00e9decin doit indiquer \u00ab\u00a0Sports de Contact\u00a0\u00bb, valable pour toutes les disciplines pour une p\u00e9riode de 3 ans pour les loisirs et comp\u00e9titeurs light contact, \u00a0renouvelable tous les ans pour les comp\u00e9titeurs plein contact; <\/span><\/span><\/p>\n<p style=\"text-align: left;\"><span style=\"font-size: 100%; color: #282828;\"><span style=\"background-color: #ffffff;\">ou <\/span><\/span><span style=\"font-size: 100%; color: #282828;\"><span style=\"background-color: #ffffff;\"><strong>Un questionnaire m\u00e9dical<\/strong> (si vous avez d\u00e9j\u00e0 fourni un certificat m\u00e9dical auparavant) <span style=\"text-decoration: underline;\"><span style=\"color: #d83131;\"><a style=\"color: #d83131; text-decoration: underline;\" href=\"http:\/\/www.lsk-boxing.fr\/wp-content\/uploads\/2021\/09\/DOC6_Questionnaire_QS-SPORT_majeur_FFKMDA.pdf\"><strong>CLIQUEZ ICI<\/strong> !<\/a><\/span><\/span><\/span><\/span><span style=\"color: #00a859;\"> Il n&rsquo;est pas \u00e0 fournir au club <span style=\"color: #282828;\">mais \u00e0 garder en votre possession, \u00e0 la place vous devez nous fournir cette attestation rempli et signer<\/span> <a href=\"http:\/\/www.lsk-boxing.fr\/wp-content\/uploads\/2021\/09\/DOC7_Attestation_QS-SPORT_majeur.pdf\"><span style=\"text-decoration: underline; color: #d83131;\"><strong>CLIQUEZ ICI<\/strong><\/span><\/a><\/span><\/p>\n<p style=\"text-align: left;\"><span style=\"color: #282828;\">Cependant si vous r\u00e9pondez \u00e0 une seule question par un OUI alors vous devez fournir de nouveau un certificat m\u00e9dical<\/span> <a href=\"http:\/\/www.lsk-boxing.fr\/wp-content\/uploads\/2021\/09\/DOC8_Certificat-medical_light-et-loisir.pdf\"><span style=\"text-decoration: underline; color: #d83131;\"><strong>CLIQUEZ ICI<\/strong><\/span><\/a><\/p>\n<p style=\"text-align: left;\"><span style=\"color: #282828;\">=&gt;<\/span> <span style=\"color: #333399;\"><em><span style=\"text-decoration: underline;\"><strong>POUR LES MINEURS :<\/strong><\/span><\/em><\/span> <span style=\"color: #282828;\">le certificat m\u00e9dical n&rsquo;est plus obligatoire mais \u00e0 la place il faut t\u00e9l\u00e9charger et remplir un questionnaire m\u00e9dical<\/span> <a href=\"http:\/\/www.lsk-boxing.fr\/wp-content\/uploads\/2021\/09\/DOC1_Questionnaire_QS-SPORT_mineur_FFKMDA.pdf\"><span style=\"text-decoration: underline; color: #d83131;\"><strong>CLIQUEZ ICI <\/strong><\/span><\/a><\/p>\n<p style=\"text-align: left;\"><span style=\"color: #282828;\">Il n&rsquo;est pas \u00e0 fournir au club, vous devez le garder pour vous (secret m\u00e9dical) et fournir \u00e0 la place l&rsquo;attestation suivante<\/span><a href=\"http:\/\/www.lsk-boxing.fr\/wp-content\/uploads\/2021\/09\/DOC2_Attestation_QS-SPORT_mineur.pdf\"> <span style=\"color: #d83131;\"><strong><span style=\"text-decoration: underline;\">CLIQUEZ ICI<\/span><\/strong><\/span>.<\/a><\/p>\n<p style=\"text-align: left;\"><span style=\"color: #282828;\">Cependant, si vous r\u00e9pondez un seul oui au questionnaire m\u00e9dical vous devez consulter votre m\u00e9decin et fournir un certificat m\u00e9dical ! <a href=\"\/wp-content\/uploads\/2021\/09\/DOC8_Certificat-medical_light-et-loisir.pdf\"><span style=\"text-decoration: underline;\"><strong><span style=\"color: #d83131; text-decoration: underline;\">CLIQUEZ ICI<\/span><\/strong><\/span><\/a><\/span><\/p>\n\n              <\/div>\n           <\/div><!-- text-box-inner -->\n                            \n<style scope=\"scope\">\n\n#text-box-701143966 {\n  width: 94%;\n}\n#text-box-701143966 .text {\n  font-size: 100%;\n}\n<\/style>\n    <\/div><!-- text-box -->\n \n\n        <\/div><!-- .banner-layers -->\n      <\/div><!-- .banner-inner -->\n\n            \n<style scope=\"scope\">\n\n#banner-1939731578 {\n  padding-top: 878px;\n  background-color: rgb(255,255,255);\n}\n\n\n@media (min-width:550px) {\n\n  #banner-1939731578 {\n    padding-top: 842px;\n  }\n\n}\n\n\n@media (min-width:850px) {\n\n  #banner-1939731578 {\n    padding-top: 815px;\n  }\n\n}\n<\/style>\n  <\/div><!-- .banner -->\n\n\n\n  <div class=\"banner has-hover\" id=\"banner-1091901492\">\n          <div class=\"banner-inner fill\">\n        <div class=\"banner-bg fill\" >\n            <div class=\"bg fill bg-fill \"><\/div>\n                                    \n                    <\/div><!-- bg-layers -->\n        <div class=\"banner-layers container\">\n            <div class=\"fill banner-link\"><\/div>            \n\n   <div id=\"text-box-1443383741\" class=\"text-box banner-layer x50 md-x50 lg-x50 y50 md-y50 lg-y50 res-text\">\n                                <div class=\"text dark\">\n              \n              <div class=\"text-inner text-center\">\n                  \n\n<div class=\"container section-title-container\" ><h3 class=\"section-title section-title-bold-center\"><b><\/b><span class=\"section-title-main\" style=\"color:rgb(0, 0, 0);\">mat\u00e9riel<\/span><b><\/b><\/h3><\/div><!-- .section-title -->\n\n<p style=\"text-align: left;\"><span style=\"color: #282828;\"><strong>\u00c9QUIPEMENT N\u00c9CESSAIRE : <a href=\"\/wp-content\/uploads\/2021\/09\/TARIF MATERIEL.pdf\">Le tarif \u00e9quipement<\/a><\/strong><\/span><\/p>\n<ul type=\"disc\">\n<li style=\"text-align: left;\"><span style=\"color: #282828;\">\u00c9ventuellement un prot\u00e8ge-poitrine pour les femmes.<\/span><\/li>\n<li style=\"text-align: left;\"><span style=\"color: #282828;\">Une bouteille d&rsquo;eau.<\/span><\/li>\n<li style=\"text-align: left;\"><span style=\"color: #282828;\">Une paire de gants sp\u00e9ciale aux entra\u00eenements<strong>*<\/strong>.<\/span><\/li>\n<li style=\"text-align: left;\"><span style=\"color: #282828;\">Une paire de bandes de boxe (2,5m pour les enfants et 4m pour les adultes).<\/span><\/li>\n<li style=\"text-align: left;\"><span style=\"color: #282828;\">Une tenue de sport (short ou bas de jogging + tee-shirt).<\/span><\/li>\n<li style=\"text-align: left;\"><span style=\"color: #282828;\">Prot\u00e8ge-dents simple (ne pas oublier de le mouler).<\/span><\/li>\n<li style=\"text-align: left;\"><span style=\"color: #282828;\">Coquille pour les hommes.<\/span><\/li>\n<li style=\"text-align: left;\"><span style=\"color: #282828;\">Une paire de prot\u00e8ges-tibias souples.<\/span><\/li>\n<li style=\"text-align: left;\"><span style=\"color: #282828;\">Des coudi\u00e8res pour la boxe tha\u00ef<\/span><\/li>\n<\/ul>\n<p style=\"text-align: justify;\">\u00a0<\/p>\n<h3 style=\"text-align: center;\"><strong><span style=\"color: #ff0000;\">\u00ab\u00a0ATTENTION\u00a0\u00bb Il est important de respecter les indications ci-dessous&#8230;<\/span><\/strong><\/h3>\n<p style=\"text-align: left;\"><span style=\"color: #282828;\"><strong>*Les gants doivent \u00eatre au minimum de 14oz pour l&rsquo;entrainement des adultes<\/strong>, le but est de respecter l&rsquo;ensemble de nos partenaires de salle. Ils doivent \u00eatre <strong>imp\u00e9rativement de plus grande taille pour les comp\u00e9titeurs et les personnes de plus de 75 kg.<\/strong><\/span><\/p>\n<p style=\"text-align: left;\"><span style=\"color: #282828;\">Pour le public f\u00e9minin, le 10 et 12oz conviennent pour l&rsquo;entra\u00eenement.<\/span><\/p>\n<p style=\"text-align: left;\"><span style=\"color: #282828;\">Pour les tous jeunes boxeurs, nous pr\u00e9conisons la taille de 6oz \u00e0 8oz.<\/span><\/p>\n\n              <\/div>\n           <\/div><!-- text-box-inner -->\n                            \n<style scope=\"scope\">\n\n#text-box-1443383741 {\n  width: 88%;\n}\n#text-box-1443383741 .text {\n  font-size: 100%;\n}\n<\/style>\n    <\/div><!-- text-box -->\n \n\n        <\/div><!-- .banner-layers -->\n      <\/div><!-- .banner-inner -->\n\n            \n<style scope=\"scope\">\n\n#banner-1091901492 {\n  padding-top: 665px;\n  background-color: rgb(255,255,255);\n}\n\n\n@media (min-width:550px) {\n\n  #banner-1091901492 {\n    padding-top: 732px;\n  }\n\n}\n\n\n@media (min-width:850px) {\n\n  #banner-1091901492 {\n    padding-top: 809px;\n  }\n\n}\n<\/style>\n  <\/div><!-- .banner -->\n\n\n\n  <div class=\"banner has-hover\" id=\"banner-1374535755\">\n          <div class=\"banner-inner fill\">\n        <div class=\"banner-bg fill\" >\n            <div class=\"bg fill bg-fill \"><\/div>\n                                    \n                    <\/div><!-- bg-layers -->\n        <div class=\"banner-layers container\">\n            <div class=\"fill banner-link\"><\/div>            \n\n   <div id=\"text-box-1773080773\" class=\"text-box banner-layer x50 md-x50 lg-x50 y50 md-y50 lg-y50 res-text\">\n                                <div class=\"text dark\">\n              \n              <div class=\"text-inner text-center\">\n                  \n\n<p><span style=\"font-size: 160%;\"><strong>Pour vous inscrire merci de contacter Sofian au 07 63 91 74 23<\/strong><\/span><\/p>\n\n              <\/div>\n           <\/div><!-- text-box-inner -->\n                            \n<style scope=\"scope\">\n\n#text-box-1773080773 {\n  width: 100%;\n}\n#text-box-1773080773 .text {\n  font-size: 100%;\n}\n\n\n@media (min-width:550px) {\n\n  #text-box-1773080773 {\n    width: 99%;\n  }\n\n}\n\n\n@media (min-width:850px) {\n\n  #text-box-1773080773 {\n    width: 87%;\n  }\n\n}\n<\/style>\n    <\/div><!-- text-box -->\n \n\n        <\/div><!-- .banner-layers -->\n      <\/div><!-- .banner-inner -->\n\n            \n<style scope=\"scope\">\n\n#banner-1374535755 {\n  padding-top: 136px;\n}\n<\/style>\n  <\/div><!-- .banner -->\n\n\n\n","protected":false},"excerpt":{"rendered":"","protected":false},"author":2,"featured_media":0,"parent":0,"menu_order":4,"comment_status":"closed","ping_status":"closed","template":"","meta":{"ngg_post_thumbnail":0,"footnotes":""},"class_list":["post-399","page","type-page","status-publish","hentry"],"_links":{"self":[{"href":"http:\/\/www.lsk-boxing.fr\/index.php?rest_route=\/wp\/v2\/pages\/399","targetHints":{"allow":["GET"]}}],"collection":[{"href":"http:\/\/www.lsk-boxing.fr\/index.php?rest_route=\/wp\/v2\/pages"}],"about":[{"href":"http:\/\/www.lsk-boxing.fr\/index.php?rest_route=\/wp\/v2\/types\/page"}],"author":[{"embeddable":true,"href":"http:\/\/www.lsk-boxing.fr\/index.php?rest_route=\/wp\/v2\/users\/2"}],"replies":[{"embeddable":true,"href":"http:\/\/www.lsk-boxing.fr\/index.php?rest_route=%2Fwp%2Fv2%2Fcomments&post=399"}],"version-history":[{"count":64,"href":"http:\/\/www.lsk-boxing.fr\/index.php?rest_route=\/wp\/v2\/pages\/399\/revisions"}],"predecessor-version":[{"id":4480,"href":"http:\/\/www.lsk-boxing.fr\/index.php?rest_route=\/wp\/v2\/pages\/399\/revisions\/4480"}],"wp:attachment":[{"href":"http:\/\/www.lsk-boxing.fr\/index.php?rest_route=%2Fwp%2Fv2%2Fmedia&parent=399"}],"curies":[{"name":"wp","href":"https:\/\/api.w.org\/{rel}","templated":true}]}}