{"id":3898,"date":"2016-06-16T13:39:06","date_gmt":"2016-06-16T13:39:06","guid":{"rendered":"http:\/\/www.lsk-boxing.fr\/?page_id=3898"},"modified":"2022-09-04T17:27:28","modified_gmt":"2022-09-04T17:27:28","slug":"les-entraineurs","status":"publish","type":"page","link":"http:\/\/www.lsk-boxing.fr\/?page_id=3898","title":{"rendered":"Les Entra\u00eeneurs"},"content":{"rendered":"\n\n  <div class=\"banner has-hover\" id=\"banner-1099516060\">\n          <div class=\"banner-inner fill\">\n        <div class=\"banner-bg fill\" >\n            <div class=\"bg fill bg-fill \"><\/div>\n                                    \n                    <\/div><!-- bg-layers -->\n        <div class=\"banner-layers container\">\n            <div class=\"fill banner-link\"><\/div>            \n\n   <div id=\"text-box-1748281489\" class=\"text-box banner-layer x50 md-x5 lg-x5 y95 md-y50 lg-y50 res-text\">\n                                <div class=\"text dark\">\n              \n              <div class=\"text-inner text-center\">\n                  \n\n<h3><span style=\"color: #282828; font-size: 85%;\">Patrick Timbert Evina<\/span><\/h3>\n<div style=\"text-align: left;\"><span style=\"color: #282828;\">Dipl\u00f4mes:<\/span><\/div>\n<div style=\"text-align: left;\">\n<ul>\n<li><span style=\"color: #282828;\"><strong>Boxe<\/strong>&nbsp;Fran\u00e7aise :&nbsp;BEES 1 &#8211; BPJEPS<\/span><\/li>\n<li><span style=\"color: #282828;\"><strong>Kick Boxing, Boxe tha\u00ef, Pancrace<\/strong>&nbsp;: BPJEPS SPORTS DE CONTACT<\/span><\/li>\n<li><span style=\"color: #282828;\"><strong>Lutte contact<\/strong>&nbsp;: BMF 2<\/span><\/li>\n<\/ul>\n<\/div>\n<div style=\"text-align: left;\">&nbsp;<\/div>\n<div style=\"text-align: left;\"><span style=\"color: #282828;\">&nbsp;&nbsp;Palmar\u00e8s :<\/span><\/div>\n<ul>\n<li style=\"text-align: left;\"><span style=\"color: #282828;\"><strong>Boxe<\/strong>&nbsp;Fran\u00e7aise :&nbsp;Champion de Belgique combat &amp;&nbsp;Champion du monde v\u00e9t\u00e9ran<\/span><\/li>\n<li style=\"text-align: left;\"><span style=\"color: #282828;\"><strong>Boxe<\/strong>&nbsp;anglaise : Champion de France militaire<\/span><\/li>\n<li style=\"text-align: left;\"><span style=\"color: #282828;\"><strong>Kick Boxing<\/strong>&nbsp;: Champion du monde WFC et XFC<\/span><\/li>\n<li style=\"text-align: left;\"><span style=\"color: #282828;\"><strong>Boxe tha\u00ef<\/strong>&nbsp;: Champion de France C1 pro Fight &amp; Vice champion du monde WFC<\/span><\/li>\n<li style=\"text-align: left;\"><span style=\"color: #282828;\"><strong>Lutte contact<\/strong>&nbsp;: 4 X Champion de France &amp; Champion d\u2019Europe<\/span><\/li>\n<\/ul>\n\n              <\/div>\n           <\/div><!-- text-box-inner -->\n                            \n<style scope=\"scope\">\n\n#text-box-1748281489 {\n  width: 96%;\n}\n#text-box-1748281489 .text {\n  font-size: 100%;\n}\n\n\n@media (min-width:550px) {\n\n  #text-box-1748281489 {\n    width: 61%;\n  }\n\n}\n<\/style>\n    <\/div><!-- text-box -->\n \n   <div id=\"text-box-903018856\" class=\"text-box banner-layer x50 md-x100 lg-x95 y0 md-y15 lg-y50 res-text\">\n                                <div class=\"text dark\">\n              \n              <div class=\"text-inner text-center\">\n                  \n\n\t<div class=\"img has-hover x md-x lg-x y md-y lg-y\" id=\"image_1190711964\">\n\t\t\t\t\t\t\t\t<div class=\"img-inner dark\" >\n\t\t\t<img loading=\"lazy\" decoding=\"async\" width=\"940\" height=\"788\" src=\"http:\/\/www.lsk-boxing.fr\/wp-content\/uploads\/2020\/07\/unnamed.png\" class=\"attachment-large size-large\" alt=\"\" srcset=\"http:\/\/www.lsk-boxing.fr\/wp-content\/uploads\/2020\/07\/unnamed.png 940w, http:\/\/www.lsk-boxing.fr\/wp-content\/uploads\/2020\/07\/unnamed-300x251.png 300w, http:\/\/www.lsk-boxing.fr\/wp-content\/uploads\/2020\/07\/unnamed-768x644.png 768w\" sizes=\"auto, (max-width: 940px) 100vw, 940px\" \/>\t\t\t\t\t\t\n\t\t\t\t\t<\/div>\n\t\t\t\t\t\t\t\t\n<style scope=\"scope\">\n\n#image_1190711964 {\n  width: 100%;\n}\n<\/style>\n\t<\/div>\n\t\n\n\n              <\/div>\n           <\/div><!-- text-box-inner -->\n                            \n<style scope=\"scope\">\n\n#text-box-903018856 {\n  width: 51%;\n}\n#text-box-903018856 .text {\n  font-size: 100%;\n}\n\n\n@media (min-width:550px) {\n\n  #text-box-903018856 {\n    width: 31%;\n  }\n\n}\n<\/style>\n    <\/div><!-- text-box -->\n \n\n        <\/div><!-- .banner-layers -->\n      <\/div><!-- .banner-inner -->\n\n            \n<style scope=\"scope\">\n\n#banner-1099516060 {\n  padding-top: 543px;\n  background-color: rgb(255,255,255);\n}\n\n\n@media (min-width:550px) {\n\n  #banner-1099516060 {\n    padding-top: 500px;\n  }\n\n}\n<\/style>\n  <\/div><!-- .banner -->\n\n\n\n  <div class=\"banner has-hover\" id=\"banner-1189263851\">\n          <div class=\"banner-inner fill\">\n        <div class=\"banner-bg fill\" >\n            <div class=\"bg fill bg-fill \"><\/div>\n                                    \n                    <\/div><!-- bg-layers -->\n        <div class=\"banner-layers container\">\n            <div class=\"fill banner-link\"><\/div>            \n\n   <div id=\"text-box-1925132561\" class=\"text-box banner-layer x50 md-x5 lg-x10 y100 md-y50 lg-y50 res-text\">\n                                <div class=\"text dark\">\n              \n              <div class=\"text-inner text-center\">\n                  \n\n<h4>Sorry Diarra<\/h4>\n<ul>\n<li style=\"text-align: left;\">33 combats (21 Victoires \/ 10 d\u00e9faites \/ 2 nulle)<\/li>\n<li style=\"text-align: left;\">2017: Champion de France Kick-boxing (Classe A) FFKMDA<\/li>\n<li style=\"text-align: left;\">2014 : Champion de France K1 (classe B) FKBDA<\/li>\n<li style=\"text-align: left;\">Brevet de moniteur f\u00e9d\u00e9ral de Kick Boxing BMF3<\/li>\n<\/ul>\n\n              <\/div>\n           <\/div><!-- text-box-inner -->\n                            \n<style scope=\"scope\">\n\n#text-box-1925132561 {\n  width: 95%;\n}\n#text-box-1925132561 .text {\n  font-size: 100%;\n}\n\n\n@media (min-width:550px) {\n\n  #text-box-1925132561 {\n    width: 55%;\n  }\n\n}\n\n\n@media (min-width:850px) {\n\n  #text-box-1925132561 {\n    width: 45%;\n  }\n\n}\n<\/style>\n    <\/div><!-- text-box -->\n \n   <div id=\"text-box-1958975037\" class=\"text-box banner-layer x25 md-x90 lg-x90 y5 md-y50 lg-y50 res-text\">\n                                <div class=\"text dark\">\n              \n              <div class=\"text-inner text-center\">\n                  \n\n\t<div class=\"img has-hover x md-x lg-x y md-y lg-y\" id=\"image_342993564\">\n\t\t\t\t\t\t\t\t<div class=\"img-inner dark\" >\n\t\t\t<img loading=\"lazy\" decoding=\"async\" width=\"497\" height=\"498\" src=\"http:\/\/www.lsk-boxing.fr\/wp-content\/uploads\/2020\/08\/prof-3.png\" class=\"attachment-large size-large\" alt=\"\" srcset=\"http:\/\/www.lsk-boxing.fr\/wp-content\/uploads\/2020\/08\/prof-3.png 497w, http:\/\/www.lsk-boxing.fr\/wp-content\/uploads\/2020\/08\/prof-3-300x300.png 300w, http:\/\/www.lsk-boxing.fr\/wp-content\/uploads\/2020\/08\/prof-3-100x100.png 100w\" sizes=\"auto, (max-width: 497px) 100vw, 497px\" \/>\t\t\t\t\t\t\n\t\t\t\t\t<\/div>\n\t\t\t\t\t\t\t\t\n<style scope=\"scope\">\n\n#image_342993564 {\n  width: 100%;\n}\n<\/style>\n\t<\/div>\n\t\n\n\n              <\/div>\n           <\/div><!-- text-box-inner -->\n                            \n<style scope=\"scope\">\n\n#text-box-1958975037 {\n  width: 42%;\n}\n#text-box-1958975037 .text {\n  font-size: 100%;\n}\n\n\n@media (min-width:550px) {\n\n  #text-box-1958975037 {\n    width: 27%;\n  }\n\n}\n<\/style>\n    <\/div><!-- text-box -->\n \n\n        <\/div><!-- .banner-layers -->\n      <\/div><!-- .banner-inner -->\n\n            \n<style scope=\"scope\">\n\n#banner-1189263851 {\n  padding-top: 300px;\n}\n<\/style>\n  <\/div><!-- .banner -->\n\n\n\n  <div class=\"banner has-hover\" id=\"banner-1159925744\">\n          <div class=\"banner-inner fill\">\n        <div class=\"banner-bg fill\" >\n            <div class=\"bg fill bg-fill \"><\/div>\n                                    \n                    <\/div><!-- bg-layers -->\n        <div class=\"banner-layers container\">\n            <div class=\"fill banner-link\"><\/div>            \n\n   <div id=\"text-box-2146279296\" class=\"text-box banner-layer x50 md-x95 lg-x95 y95 md-y50 lg-y50 res-text\">\n                                <div class=\"text dark\">\n              \n              <div class=\"text-inner text-center\">\n                  \n\n<p style=\"text-align: left;\"><span style=\"color: #282828;\">Au LSK depuis plus d&rsquo;une d\u00e9cennie et pratiquant depuis plus longtemps encore, il a notamment \u00e9t\u00e9 :<\/span><\/p>\n<p style=\"text-align: left;\"><span style=\"color: #282828;\">&#8211; vainqueur coupe de France junior 2012<\/span><br \/><span style=\"color: #282828;\">&#8211; medaille d&rsquo;or championnat de France universitaire kick boxing<\/span><br \/><span style=\"color: #282828;\">&#8211; Champion IDF classe A, B et C<\/span><\/p>\n<p style=\"text-align: left;\"><span style=\"color: #282828;\">Aujourd&rsquo;hui BMF 1 &amp; 2 il transmet avec passion son exp\u00e9rience, sans oublier de monter sur le ring !<\/span><\/p>\n\n              <\/div>\n           <\/div><!-- text-box-inner -->\n                            \n<style scope=\"scope\">\n\n#text-box-2146279296 {\n  width: 93%;\n}\n#text-box-2146279296 .text {\n  font-size: 100%;\n}\n\n\n@media (min-width:550px) {\n\n  #text-box-2146279296 {\n    width: 55%;\n  }\n\n}\n<\/style>\n    <\/div><!-- text-box -->\n \n   <div id=\"text-box-133550615\" class=\"text-box banner-layer x50 md-x5 lg-x5 y5 md-y50 lg-y50 res-text\">\n                                <div class=\"text dark\">\n              \n              <div class=\"text-inner text-center\">\n                  \n\n\t<div class=\"img has-hover x md-x lg-x y md-y lg-y\" id=\"image_652221963\">\n\t\t\t\t\t\t\t\t<div class=\"img-inner dark\" >\n\t\t\t<img loading=\"lazy\" decoding=\"async\" width=\"487\" height=\"487\" src=\"http:\/\/www.lsk-boxing.fr\/wp-content\/uploads\/2020\/08\/prof-1.jpg\" class=\"attachment-large size-large\" alt=\"\" srcset=\"http:\/\/www.lsk-boxing.fr\/wp-content\/uploads\/2020\/08\/prof-1.jpg 487w, http:\/\/www.lsk-boxing.fr\/wp-content\/uploads\/2020\/08\/prof-1-300x300.jpg 300w, http:\/\/www.lsk-boxing.fr\/wp-content\/uploads\/2020\/08\/prof-1-100x100.jpg 100w\" sizes=\"auto, (max-width: 487px) 100vw, 487px\" \/>\t\t\t\t\t\t\n\t\t\t\t\t<\/div>\n\t\t\t\t\t\t\t\t\n<style scope=\"scope\">\n\n#image_652221963 {\n  width: 100%;\n}\n<\/style>\n\t<\/div>\n\t\n\n\n              <\/div>\n           <\/div><!-- text-box-inner -->\n                            \n<style scope=\"scope\">\n\n#text-box-133550615 {\n  width: 45%;\n}\n#text-box-133550615 .text {\n  font-size: 100%;\n}\n\n\n@media (min-width:550px) {\n\n  #text-box-133550615 {\n    width: 26%;\n  }\n\n}\n<\/style>\n    <\/div><!-- text-box -->\n \n\n        <\/div><!-- .banner-layers -->\n      <\/div><!-- .banner-inner -->\n\n            \n<style scope=\"scope\">\n\n#banner-1159925744 {\n  padding-top: 355px;\n  background-color: rgb(255,255,255);\n}\n\n\n@media (min-width:550px) {\n\n  #banner-1159925744 {\n    padding-top: 344px;\n  }\n\n}\n<\/style>\n  <\/div><!-- .banner -->\n\n\n\n  <div class=\"banner has-hover\" id=\"banner-1222316090\">\n          <div class=\"banner-inner fill\">\n        <div class=\"banner-bg fill\" >\n            <div class=\"bg fill bg-fill \"><\/div>\n                                    \n                    <\/div><!-- bg-layers -->\n        <div class=\"banner-layers container\">\n            <div class=\"fill banner-link\"><\/div>            \n\n   <div id=\"text-box-1444134146\" class=\"text-box banner-layer x100 md-x5 lg-x5 y100 md-y50 lg-y50 res-text\">\n                                <div class=\"text dark\">\n              \n              <div class=\"text-inner text-center\">\n                  \n\n<p style=\"text-align: left;\">Voici Guillaume, ancien compe\u0301titeur et pre\u0301sent au club depuis plus d&rsquo;une de\u0301cennie !<\/p>\n<p style=\"text-align: left;\">Champion de France et plusieurs fois champion IDF en Kick Boxing et Boxe Franc\u0327aise, Guillaume est aujourd&rsquo;hui titulaire BMF 1, 2 et 3.<\/p>\n<p style=\"text-align: left;\">E\u0301ducateur spe\u0301cialise\u0301 dans la protection de l&rsquo;enfance, il a a\u0300 c\u0153ur de transmettre son expe\u0301rience aux jeunes comme aux adultes.<\/p>\n<p style=\"text-align: left;\">Sa spe\u0301cialite\u0301 ? Des se\u0301ries de pompes dont la le\u0301gende raconte qu&rsquo;aucun n&rsquo;a re\u0301ussi a\u0300 finir, du moins vivant !<\/p>\n\n              <\/div>\n           <\/div><!-- text-box-inner -->\n                            \n<style scope=\"scope\">\n\n#text-box-1444134146 {\n  width: 95%;\n}\n#text-box-1444134146 .text {\n  font-size: 100%;\n}\n\n\n@media (min-width:550px) {\n\n  #text-box-1444134146 {\n    width: 58%;\n  }\n\n}\n<\/style>\n    <\/div><!-- text-box -->\n \n   <div id=\"text-box-43152417\" class=\"text-box banner-layer x50 md-x95 lg-x95 y5 md-y50 lg-y50 res-text\">\n                                <div class=\"text dark\">\n              \n              <div class=\"text-inner text-center\">\n                  \n\n\t<div class=\"img has-hover x md-x lg-x y md-y lg-y\" id=\"image_1542574019\">\n\t\t\t\t\t\t\t\t<div class=\"img-inner dark\" >\n\t\t\t<img loading=\"lazy\" decoding=\"async\" width=\"493\" height=\"492\" src=\"http:\/\/www.lsk-boxing.fr\/wp-content\/uploads\/2020\/08\/prof-2.png\" class=\"attachment-large size-large\" alt=\"\" srcset=\"http:\/\/www.lsk-boxing.fr\/wp-content\/uploads\/2020\/08\/prof-2.png 493w, http:\/\/www.lsk-boxing.fr\/wp-content\/uploads\/2020\/08\/prof-2-300x300.png 300w, http:\/\/www.lsk-boxing.fr\/wp-content\/uploads\/2020\/08\/prof-2-100x100.png 100w\" sizes=\"auto, (max-width: 493px) 100vw, 493px\" \/>\t\t\t\t\t\t\n\t\t\t\t\t<\/div>\n\t\t\t\t\t\t\t\t\n<style scope=\"scope\">\n\n#image_1542574019 {\n  width: 100%;\n}\n<\/style>\n\t<\/div>\n\t\n\n\n              <\/div>\n           <\/div><!-- text-box-inner -->\n                            \n<style scope=\"scope\">\n\n#text-box-43152417 {\n  width: 47%;\n}\n#text-box-43152417 .text {\n  font-size: 100%;\n}\n\n\n@media (min-width:550px) {\n\n  #text-box-43152417 {\n    width: 29%;\n  }\n\n}\n<\/style>\n    <\/div><!-- text-box -->\n \n\n        <\/div><!-- .banner-layers -->\n      <\/div><!-- .banner-inner -->\n\n            \n<style scope=\"scope\">\n\n#banner-1222316090 {\n  padding-top: 396px;\n}\n\n\n@media (min-width:550px) {\n\n  #banner-1222316090 {\n    padding-top: 328px;\n  }\n\n}\n<\/style>\n  <\/div><!-- .banner -->\n\n\n\n  <div class=\"banner has-hover\" id=\"banner-360995151\">\n          <div class=\"banner-inner fill\">\n        <div class=\"banner-bg fill\" >\n            <div class=\"bg fill bg-fill \"><\/div>\n                                    \n                    <\/div><!-- bg-layers -->\n        <div class=\"banner-layers container\">\n            <div class=\"fill banner-link\"><\/div>            \n\n   <div id=\"text-box-19133018\" class=\"text-box banner-layer x50 md-x95 lg-x95 y100 md-y50 lg-y50 res-text\">\n                                <div class=\"text dark\">\n              \n              <div class=\"text-inner text-center\">\n                  \n\n<p style=\"text-align: left;\"><span style=\"background-color: #ffffff; color: #282828;\">Pratiquant du noble art depuis son plus jeune \u00e2ge, c&rsquo;est son p\u00e8re, Christophe (que nous vous pr\u00e9senterons bient\u00f4t), qui lui a transmis la passion du sport.<\/span><\/p>\n<p><span style=\"background-color: #ffffff; color: #282828;\">Coach depuis 2017, Cl\u00e9ment est dipl\u00f4m\u00e9 d&rsquo;un BMF N\u00b02. A seulement vingt ans c&rsquo;est d\u00e9j\u00e0 plus d&rsquo;une d\u00e9cennie d&rsquo;exp\u00e9rience qu&rsquo;il accumule et transmet \u00e0 ses \u00e9l\u00e8ves !<\/span><\/p>\n<p><span style=\"background-color: #ffffff; color: #282828;\">Il pratique principalement le Kick Boxing, mais aussi le Muay-Thai, K-1, ChaussFight.<\/span><\/p>\n\n              <\/div>\n           <\/div><!-- text-box-inner -->\n                            \n<style scope=\"scope\">\n\n#text-box-19133018 {\n  width: 93%;\n}\n#text-box-19133018 .text {\n  font-size: 100%;\n}\n\n\n@media (min-width:550px) {\n\n  #text-box-19133018 {\n    width: 55%;\n  }\n\n}\n<\/style>\n    <\/div><!-- text-box -->\n \n   <div id=\"text-box-817010526\" class=\"text-box banner-layer x50 md-x5 lg-x5 y5 md-y50 lg-y50 res-text\">\n                                <div class=\"text dark\">\n              \n              <div class=\"text-inner text-center\">\n                  \n\n\t<div class=\"img has-hover x md-x lg-x y md-y lg-y\" id=\"image_1980324794\">\n\t\t\t\t\t\t\t\t<div class=\"img-inner dark\" >\n\t\t\t<img loading=\"lazy\" decoding=\"async\" width=\"414\" height=\"441\" src=\"http:\/\/www.lsk-boxing.fr\/wp-content\/uploads\/2020\/08\/prof4.png\" class=\"attachment-large size-large\" alt=\"\" srcset=\"http:\/\/www.lsk-boxing.fr\/wp-content\/uploads\/2020\/08\/prof4.png 414w, http:\/\/www.lsk-boxing.fr\/wp-content\/uploads\/2020\/08\/prof4-282x300.png 282w\" sizes=\"auto, (max-width: 414px) 100vw, 414px\" \/>\t\t\t\t\t\t\n\t\t\t\t\t<\/div>\n\t\t\t\t\t\t\t\t\n<style scope=\"scope\">\n\n#image_1980324794 {\n  width: 100%;\n}\n<\/style>\n\t<\/div>\n\t\n\n\n              <\/div>\n           <\/div><!-- text-box-inner -->\n                            \n<style scope=\"scope\">\n\n#text-box-817010526 {\n  width: 55%;\n}\n#text-box-817010526 .text {\n  font-size: 100%;\n}\n\n\n@media (min-width:550px) {\n\n  #text-box-817010526 {\n    width: 29%;\n  }\n\n}\n\n\n@media (min-width:850px) {\n\n  #text-box-817010526 {\n    width: 26%;\n  }\n\n}\n<\/style>\n    <\/div><!-- text-box -->\n \n\n        <\/div><!-- .banner-layers -->\n      <\/div><!-- .banner-inner -->\n\n            \n<style scope=\"scope\">\n\n#banner-360995151 {\n  padding-top: 408px;\n  background-color: rgb(255,255,255);\n}\n\n\n@media (min-width:550px) {\n\n  #banner-360995151 {\n    padding-top: 344px;\n  }\n\n}\n<\/style>\n  <\/div><!-- .banner -->\n\n\n\n  <div class=\"banner has-hover\" id=\"banner-1325729353\">\n          <div class=\"banner-inner fill\">\n        <div class=\"banner-bg fill\" >\n            <div class=\"bg fill bg-fill \"><\/div>\n                                    \n                    <\/div><!-- bg-layers -->\n        <div class=\"banner-layers container\">\n            <div class=\"fill banner-link\"><\/div>            \n\n   <div id=\"text-box-492988418\" class=\"text-box banner-layer x100 md-x5 lg-x5 y100 md-y50 lg-y50 res-text\">\n                                <div class=\"text dark\">\n              \n              <div class=\"text-inner text-center\">\n                  \n\n<p style=\"text-align: left;\">Christophe BRYSSENS :<br \/>Diplome\u0301 d\u2019un BPJEPS, ancien membre du Yukong puis co-fondateur du LSK BOXING avec Patrick TIMBERT-EVINA, les membres du LSK le connaissent tous en tant qu\u2019 entrai\u0302neur e\u0301me\u0301rite.<br \/>A son actif, il a entraine\u0301 plusieurs champions du club.<br \/>Amis boxeurs prenez en de la graine.<\/p>\n\n              <\/div>\n           <\/div><!-- text-box-inner -->\n                            \n<style scope=\"scope\">\n\n#text-box-492988418 {\n  width: 95%;\n}\n#text-box-492988418 .text {\n  font-size: 100%;\n}\n\n\n@media (min-width:550px) {\n\n  #text-box-492988418 {\n    width: 58%;\n  }\n\n}\n<\/style>\n    <\/div><!-- text-box -->\n \n   <div id=\"text-box-1819729567\" class=\"text-box banner-layer x50 md-x95 lg-x95 y5 md-y50 lg-y50 res-text\">\n                                <div class=\"text dark\">\n              \n              <div class=\"text-inner text-center\">\n                  \n\n\t<div class=\"img has-hover x md-x lg-x y md-y lg-y\" id=\"image_1316450275\">\n\t\t\t\t\t\t\t\t<div class=\"img-inner dark\" >\n\t\t\t<img loading=\"lazy\" decoding=\"async\" width=\"450\" height=\"597\" src=\"http:\/\/www.lsk-boxing.fr\/wp-content\/uploads\/2020\/08\/prof6.png\" class=\"attachment-large size-large\" alt=\"\" srcset=\"http:\/\/www.lsk-boxing.fr\/wp-content\/uploads\/2020\/08\/prof6.png 450w, http:\/\/www.lsk-boxing.fr\/wp-content\/uploads\/2020\/08\/prof6-226x300.png 226w\" sizes=\"auto, (max-width: 450px) 100vw, 450px\" \/>\t\t\t\t\t\t\n\t\t\t\t\t<\/div>\n\t\t\t\t\t\t\t\t\n<style scope=\"scope\">\n\n#image_1316450275 {\n  width: 100%;\n}\n<\/style>\n\t<\/div>\n\t\n\n\n              <\/div>\n           <\/div><!-- text-box-inner -->\n                            \n<style scope=\"scope\">\n\n#text-box-1819729567 {\n  width: 47%;\n}\n#text-box-1819729567 .text {\n  font-size: 100%;\n}\n\n\n@media (min-width:550px) {\n\n  #text-box-1819729567 {\n    width: 22%;\n  }\n\n}\n<\/style>\n    <\/div><!-- text-box -->\n \n\n        <\/div><!-- .banner-layers -->\n      <\/div><!-- .banner-inner -->\n\n            \n<style scope=\"scope\">\n\n#banner-1325729353 {\n  padding-top: 396px;\n}\n\n\n@media (min-width:550px) {\n\n  #banner-1325729353 {\n    padding-top: 328px;\n  }\n\n}\n<\/style>\n  <\/div><!-- .banner -->\n\n\n\n","protected":false},"excerpt":{"rendered":"","protected":false},"author":2,"featured_media":0,"parent":383,"menu_order":0,"comment_status":"closed","ping_status":"closed","template":"","meta":{"ngg_post_thumbnail":0,"footnotes":""},"class_list":["post-3898","page","type-page","status-publish","hentry"],"_links":{"self":[{"href":"http:\/\/www.lsk-boxing.fr\/index.php?rest_route=\/wp\/v2\/pages\/3898","targetHints":{"allow":["GET"]}}],"collection":[{"href":"http:\/\/www.lsk-boxing.fr\/index.php?rest_route=\/wp\/v2\/pages"}],"about":[{"href":"http:\/\/www.lsk-boxing.fr\/index.php?rest_route=\/wp\/v2\/types\/page"}],"author":[{"embeddable":true,"href":"http:\/\/www.lsk-boxing.fr\/index.php?rest_route=\/wp\/v2\/users\/2"}],"replies":[{"embeddable":true,"href":"http:\/\/www.lsk-boxing.fr\/index.php?rest_route=%2Fwp%2Fv2%2Fcomments&post=3898"}],"version-history":[{"count":13,"href":"http:\/\/www.lsk-boxing.fr\/index.php?rest_route=\/wp\/v2\/pages\/3898\/revisions"}],"predecessor-version":[{"id":4424,"href":"http:\/\/www.lsk-boxing.fr\/index.php?rest_route=\/wp\/v2\/pages\/3898\/revisions\/4424"}],"up":[{"embeddable":true,"href":"http:\/\/www.lsk-boxing.fr\/index.php?rest_route=\/wp\/v2\/pages\/383"}],"wp:attachment":[{"href":"http:\/\/www.lsk-boxing.fr\/index.php?rest_route=%2Fwp%2Fv2%2Fmedia&parent=3898"}],"curies":[{"name":"wp","href":"https:\/\/api.w.org\/{rel}","templated":true}]}}