{"id":386,"date":"2009-06-10T15:43:17","date_gmt":"2009-06-10T13:43:17","guid":{"rendered":"http:\/\/www.lsk-boxing.fr\/?page_id=386"},"modified":"2018-08-22T18:42:11","modified_gmt":"2018-08-22T18:42:11","slug":"activites","status":"publish","type":"page","link":"http:\/\/www.lsk-boxing.fr\/?page_id=386","title":{"rendered":"Activites"},"content":{"rendered":"<p>Nos licenci\u00e9s viennent pratiquer l&rsquo;une de nos disciplines pour d\u00e9compresser et se d\u00e9fouler apr\u00e8s une bonne journ\u00e9e de travail. Cependant, quelques-uns se tournent vers la comp\u00e9tition et d\u00e9montrent des qualit\u00e9s qui confortent le club \u00e0 continuer dans cette voie.<\/p>\n<p>Nos activit\u00e9s sont encadr\u00e9es par une \u00e9quipe d&rsquo;entra\u00eeneurs dipl\u00f4m\u00e9s et reconnue pour la qualit\u00e9 de son enseignement et sa disponibilit\u00e9.<\/p>\n<p>Chaque adh\u00e9rent, quelque soit son niveau, peut s&rsquo;\u00e9panouir et d\u00e9velopper la gestuelle, la coordination et le physique dans une ambiance agr\u00e9able. A travers des exercices ludiques, ils vont acqu\u00e9rir les fondamentaux et pourront ensuite se mesurer aux autres \u00e0 travers diverses comp\u00e9titions f\u00e9d\u00e9rales.<\/p>\n<p>En boxe \u00e9ducative, les coups ne sont pas port\u00e9s, on parle d&rsquo;assaut et non pas de combat.<\/p>\n<p>En comp\u00e9tition, les juges tiennent compte des gestes et des intentions du boxeur.<\/p>\n<p>C&rsquo;est une excellente \u00e9cole de ma\u00eetrise qui permet de canaliser l&rsquo;agressivit\u00e9. L&rsquo;adh\u00e9rent va y renforcer sa confiance en soi tout en se d\u00e9pensant physiquement.<\/p>\n","protected":false},"excerpt":{"rendered":"<p>Nos licenci\u00e9s viennent pratiquer l&rsquo;une de nos disciplines pour d\u00e9compresser et se d\u00e9fouler apr\u00e8s une bonne journ\u00e9e de travail. Cependant, quelques-uns se tournent vers la comp\u00e9tition et d\u00e9montrent des qualit\u00e9s qui confortent le club \u00e0 continuer dans cette voie. Nos activit\u00e9s sont encadr\u00e9es par une \u00e9quipe d&rsquo;entra\u00eeneurs dipl\u00f4m\u00e9s et reconnue pour la qualit\u00e9 de son [&#8230;]\n","protected":false},"author":2,"featured_media":0,"parent":0,"menu_order":0,"comment_status":"closed","ping_status":"closed","template":"","meta":{"ngg_post_thumbnail":0,"footnotes":""},"class_list":["post-386","page","type-page","status-publish","hentry"],"_links":{"self":[{"href":"http:\/\/www.lsk-boxing.fr\/index.php?rest_route=\/wp\/v2\/pages\/386","targetHints":{"allow":["GET"]}}],"collection":[{"href":"http:\/\/www.lsk-boxing.fr\/index.php?rest_route=\/wp\/v2\/pages"}],"about":[{"href":"http:\/\/www.lsk-boxing.fr\/index.php?rest_route=\/wp\/v2\/types\/page"}],"author":[{"embeddable":true,"href":"http:\/\/www.lsk-boxing.fr\/index.php?rest_route=\/wp\/v2\/users\/2"}],"replies":[{"embeddable":true,"href":"http:\/\/www.lsk-boxing.fr\/index.php?rest_route=%2Fwp%2Fv2%2Fcomments&post=386"}],"version-history":[{"count":2,"href":"http:\/\/www.lsk-boxing.fr\/index.php?rest_route=\/wp\/v2\/pages\/386\/revisions"}],"predecessor-version":[{"id":4133,"href":"http:\/\/www.lsk-boxing.fr\/index.php?rest_route=\/wp\/v2\/pages\/386\/revisions\/4133"}],"wp:attachment":[{"href":"http:\/\/www.lsk-boxing.fr\/index.php?rest_route=%2Fwp%2Fv2%2Fmedia&parent=386"}],"curies":[{"name":"wp","href":"https:\/\/api.w.org\/{rel}","templated":true}]}}