{"id":383,"date":"2009-06-10T15:44:32","date_gmt":"2009-06-10T13:44:32","guid":{"rendered":"http:\/\/www.lsk-boxing.fr\/?page_id=383"},"modified":"2020-08-08T21:32:08","modified_gmt":"2020-08-08T21:32:08","slug":"le-club","status":"publish","type":"page","link":"http:\/\/www.lsk-boxing.fr\/?page_id=383","title":{"rendered":"Le club"},"content":{"rendered":"\n\n  <div class=\"banner has-hover\" id=\"banner-890932273\">\n          <div class=\"banner-inner fill\">\n        <div class=\"banner-bg fill\" >\n            <div class=\"bg fill bg-fill \"><\/div>\n                                    \n                    <\/div><!-- bg-layers -->\n        <div class=\"banner-layers container\">\n            <div class=\"fill banner-link\"><\/div>            \n\n   <div id=\"text-box-626538057\" class=\"text-box banner-layer x50 md-x50 lg-x50 y100 md-y95 lg-y95 res-text\">\n                                <div class=\"text dark\">\n              \n              <div class=\"text-inner text-center\">\n                  \n\n<p style=\"text-align: justify; margin: 3px;\"><span style=\"color: #282828;\">C\u2019est en septembre 2007, que le <strong>LSK-Boxing<\/strong> a vu le jour gr\u00e2ce \u00e0 des passionn\u00e9s de boxe pieds-poings. Tous souhaitaient faire partager leur passion commune \u00e0 travers quatre disciplines: \u00ab\u00a0<strong>Kick-Boxing ; K1 Rules\u00a0\u00bb<\/strong>, <strong>Chauss&rsquo;Fight, Aero-Kick <\/strong>et \u00ab\u00a0<strong>Lutte Contact ; Pancrace ; Boxe Tha\u00ef \u00ab\u00a0<\/strong> d\u2019o\u00f9 LSK-Boxing.<\/span><\/p>\n\n              <\/div>\n           <\/div><!-- text-box-inner -->\n                            \n<style scope=\"scope\">\n\n#text-box-626538057 {\n  width: 100%;\n}\n#text-box-626538057 .text {\n  font-size: 100%;\n}\n\n\n@media (min-width:550px) {\n\n  #text-box-626538057 {\n    width: 71%;\n  }\n\n}\n\n\n@media (min-width:850px) {\n\n  #text-box-626538057 {\n    width: 59%;\n  }\n\n}\n<\/style>\n    <\/div><!-- text-box -->\n \n   <div id=\"text-box-1775798311\" class=\"text-box banner-layer x50 md-x50 lg-x50 y0 md-y0 lg-y0 res-text\">\n                                <div class=\"text dark\">\n              \n              <div class=\"text-inner text-center\">\n                  \n\n\t<div class=\"img has-hover x md-x lg-x y md-y lg-y\" id=\"image_1875024688\">\n\t\t\t\t\t\t\t\t<div class=\"img-inner dark\" >\n\t\t\t<img loading=\"lazy\" decoding=\"async\" width=\"1020\" height=\"702\" src=\"http:\/\/www.lsk-boxing.fr\/wp-content\/uploads\/2020\/08\/LOGO_LSK_BLANC-1-pdf-1024x705.jpg\" class=\"attachment-large size-large\" alt=\"\" \/>\t\t\t\t\t\t\n\t\t\t\t\t<\/div>\n\t\t\t\t\t\t\t\t\n<style scope=\"scope\">\n\n#image_1875024688 {\n  width: 100%;\n}\n<\/style>\n\t<\/div>\n\t\n\n\n              <\/div>\n           <\/div><!-- text-box-inner -->\n                            \n<style scope=\"scope\">\n\n#text-box-1775798311 {\n  width: 63%;\n}\n#text-box-1775798311 .text {\n  font-size: 100%;\n}\n\n\n@media (min-width:550px) {\n\n  #text-box-1775798311 {\n    width: 33%;\n  }\n\n}\n\n\n@media (min-width:850px) {\n\n  #text-box-1775798311 {\n    width: 24%;\n  }\n\n}\n<\/style>\n    <\/div><!-- text-box -->\n \n\n        <\/div><!-- .banner-layers -->\n      <\/div><!-- .banner-inner -->\n\n            \n<style scope=\"scope\">\n\n#banner-890932273 {\n  padding-top: 243px;\n  background-color: rgb(255,255,255);\n}\n\n\n@media (min-width:550px) {\n\n  #banner-890932273 {\n    padding-top: 300px;\n  }\n\n}\n<\/style>\n  <\/div><!-- .banner -->\n\n\n\n","protected":false},"excerpt":{"rendered":"","protected":false},"author":2,"featured_media":0,"parent":0,"menu_order":0,"comment_status":"closed","ping_status":"closed","template":"","meta":{"ngg_post_thumbnail":0,"footnotes":""},"class_list":["post-383","page","type-page","status-publish","hentry"],"_links":{"self":[{"href":"http:\/\/www.lsk-boxing.fr\/index.php?rest_route=\/wp\/v2\/pages\/383","targetHints":{"allow":["GET"]}}],"collection":[{"href":"http:\/\/www.lsk-boxing.fr\/index.php?rest_route=\/wp\/v2\/pages"}],"about":[{"href":"http:\/\/www.lsk-boxing.fr\/index.php?rest_route=\/wp\/v2\/types\/page"}],"author":[{"embeddable":true,"href":"http:\/\/www.lsk-boxing.fr\/index.php?rest_route=\/wp\/v2\/users\/2"}],"replies":[{"embeddable":true,"href":"http:\/\/www.lsk-boxing.fr\/index.php?rest_route=%2Fwp%2Fv2%2Fcomments&post=383"}],"version-history":[{"count":1,"href":"http:\/\/www.lsk-boxing.fr\/index.php?rest_route=\/wp\/v2\/pages\/383\/revisions"}],"predecessor-version":[{"id":4223,"href":"http:\/\/www.lsk-boxing.fr\/index.php?rest_route=\/wp\/v2\/pages\/383\/revisions\/4223"}],"wp:attachment":[{"href":"http:\/\/www.lsk-boxing.fr\/index.php?rest_route=%2Fwp%2Fv2%2Fmedia&parent=383"}],"curies":[{"name":"wp","href":"https:\/\/api.w.org\/{rel}","templated":true}]}}