{"id":2782,"date":"2012-08-16T17:08:46","date_gmt":"2012-08-16T17:08:46","guid":{"rendered":"http:\/\/www.lsk-boxing.fr\/?page_id=2782"},"modified":"2023-08-25T13:11:12","modified_gmt":"2023-08-25T13:11:12","slug":"kick-boxing-pour-les-petits","status":"publish","type":"page","link":"http:\/\/www.lsk-boxing.fr\/?page_id=2782","title":{"rendered":"Cours Enfants"},"content":{"rendered":"\n\n  <div class=\"banner has-hover\" id=\"banner-1462042476\">\n          <div class=\"banner-inner fill\">\n        <div class=\"banner-bg fill\" >\n            <div class=\"bg fill bg-fill \"><\/div>\n                                    \n                    <\/div><!-- bg-layers -->\n        <div class=\"banner-layers container\">\n            <div class=\"fill banner-link\"><\/div>            \n\n   <div id=\"text-box-1356937360\" class=\"text-box banner-layer x50 md-x5 lg-x5 y100 md-y0 lg-y0 res-text\">\n                                <div class=\"text dark\">\n              \n              <div class=\"text-inner text-center\">\n                  \n\n<p style=\"text-align: left;\"><span style=\"color: #282828;\">Vos enfants sont accueillis par deux de nos entra\u00eeneurs dans notre structure, au sein<\/span><br \/><span style=\"color: #282828;\">de laquelle ils apprendront la pratique des sports de combats.<\/span><\/p>\n<p style=\"text-align: left;\"><span style=\"color: #282828;\">Nous recevons les enfants de 6 ans \u00e0 12 ans. Au-del\u00e0 de cet \u00e2ge, ils pourront faire<\/span><br \/><span style=\"color: #282828;\">partie d\u2019un autre groupe.<\/span><\/p>\n<p style=\"text-align: left;\"><span style=\"color: #282828;\">Gr\u00e2ce \u00e0 des exercices et \u00e0 des jeux adapt\u00e9s, les enfants peuvent pratiquer en toute<\/span><br \/><span style=\"color: #282828;\">s\u00e9curit\u00e9 des sports tr\u00e8s complets : le Kick Boxing, la Boxe Tha\u00ef et la lutte contact qui<\/span><br \/><span style=\"color: #282828;\">combinent des techniques de boxe et d\u2019arts martiaux, et enseignent des valeurs<\/span><br \/><span style=\"color: #282828;\">importantes telles que le respect de l\u2019adversaire et le contr\u00f4le de soi-m\u00eame.<\/span><\/p>\n<p style=\"text-align: left;\"><span style=\"color: #282828;\">Dans le cadre des assauts qui accompagnent nos entra\u00eenements, les enfants n\u2019ont<\/span><br \/><span style=\"color: #282828;\">pas la possibilit\u00e9 de porter les coups mais uniquement des touches.<\/span><\/p>\n<p style=\"text-align: left;\"><strong><span style=\"color: #003366;\">KICK BOXING<\/span><\/strong><br \/><em><strong><span style=\"color: #282828;\">Mardi 18h-19h<\/span><\/strong><\/em><br \/><span style=\"color: #282828;\">Hall omnisports Philippe Hemet 1 rue Pierre de Coubertin 95300 Pontoise<\/span><\/p>\n<p style=\"text-align: left;\"><span style=\"color: #003366;\"><strong>BOXE THA\u00cf<\/strong><\/span><br \/><em><strong><span style=\"color: #282828;\">Samedi 14h15-15h15<\/span><\/strong><\/em><br \/><span style=\"color: #282828;\">Gymnase sainte Apolline 88 bld des chasseurs 95800 Courdimanche<\/span><br \/><em><strong><span style=\"color: #282828;\">Samedi 14h15-15h15<\/span><\/strong><\/em><br \/><span style=\"color: #282828;\">Gymnase des Merisiers rue Rossini 95280 Jouy le Moutier<\/span><\/p>\n<p style=\"text-align: left;\"><span style=\"color: #003366;\"><strong>LUTTE CONTACT-MMA<\/strong><\/span><br \/><strong><em><span style=\"color: #282828;\">Mercredi 14h-15h<\/span><\/em><\/strong><br \/><span style=\"color: #282828;\">Gymnase des Merisiers rue Rossini 95280 Jouy le Moutier<\/span><\/p>\n\n              <\/div>\n           <\/div><!-- text-box-inner -->\n                            \n<style scope=\"scope\">\n\n#text-box-1356937360 {\n  width: 100%;\n}\n#text-box-1356937360 .text {\n  font-size: 100%;\n}\n\n\n@media (min-width:550px) {\n\n  #text-box-1356937360 {\n    width: 58%;\n  }\n\n}\n<\/style>\n    <\/div><!-- text-box -->\n \n   <div id=\"text-box-141383251\" class=\"text-box banner-layer x50 md-x100 lg-x100 y0 md-y50 lg-y50 res-text\">\n                                <div class=\"text dark\">\n              \n              <div class=\"text-inner text-center\">\n                  \n\n\t<div class=\"img has-hover x md-x lg-x y md-y lg-y\" id=\"image_804128362\">\n\t\t\t\t\t\t\t\t<div class=\"img-inner dark\" >\n\t\t\t<img loading=\"lazy\" decoding=\"async\" width=\"330\" height=\"322\" src=\"http:\/\/www.lsk-boxing.fr\/wp-content\/uploads\/2012\/08\/non_competiteurs_enfants.png\" class=\"attachment-large size-large\" alt=\"\" srcset=\"http:\/\/www.lsk-boxing.fr\/wp-content\/uploads\/2012\/08\/non_competiteurs_enfants.png 330w, http:\/\/www.lsk-boxing.fr\/wp-content\/uploads\/2012\/08\/non_competiteurs_enfants-300x292.png 300w\" sizes=\"auto, (max-width: 330px) 100vw, 330px\" \/>\t\t\t\t\t\t\n\t\t\t\t\t<\/div>\n\t\t\t\t\t\t\t\t\n<style scope=\"scope\">\n\n#image_804128362 {\n  width: 100%;\n}\n<\/style>\n\t<\/div>\n\t\n\n\n              <\/div>\n           <\/div><!-- text-box-inner -->\n                            \n<style scope=\"scope\">\n\n#text-box-141383251 {\n  width: 49%;\n}\n#text-box-141383251 .text {\n  font-size: 100%;\n}\n\n\n@media (min-width:550px) {\n\n  #text-box-141383251 {\n    width: 38%;\n  }\n\n}\n<\/style>\n    <\/div><!-- text-box -->\n \n\n        <\/div><!-- .banner-layers -->\n      <\/div><!-- .banner-inner -->\n\n            \n<style scope=\"scope\">\n\n#banner-1462042476 {\n  padding-top: 816px;\n  background-color: rgb(255,255,255);\n}\n\n\n@media (min-width:550px) {\n\n  #banner-1462042476 {\n    padding-top: 982px;\n  }\n\n}\n\n\n@media (min-width:850px) {\n\n  #banner-1462042476 {\n    padding-top: 806px;\n  }\n\n}\n<\/style>\n  <\/div><!-- .banner -->\n\n\n\n","protected":false},"excerpt":{"rendered":"","protected":false},"author":2,"featured_media":0,"parent":386,"menu_order":5,"comment_status":"closed","ping_status":"closed","template":"","meta":{"ngg_post_thumbnail":0,"footnotes":""},"class_list":["post-2782","page","type-page","status-publish","hentry"],"_links":{"self":[{"href":"http:\/\/www.lsk-boxing.fr\/index.php?rest_route=\/wp\/v2\/pages\/2782","targetHints":{"allow":["GET"]}}],"collection":[{"href":"http:\/\/www.lsk-boxing.fr\/index.php?rest_route=\/wp\/v2\/pages"}],"about":[{"href":"http:\/\/www.lsk-boxing.fr\/index.php?rest_route=\/wp\/v2\/types\/page"}],"author":[{"embeddable":true,"href":"http:\/\/www.lsk-boxing.fr\/index.php?rest_route=\/wp\/v2\/users\/2"}],"replies":[{"embeddable":true,"href":"http:\/\/www.lsk-boxing.fr\/index.php?rest_route=%2Fwp%2Fv2%2Fcomments&post=2782"}],"version-history":[{"count":8,"href":"http:\/\/www.lsk-boxing.fr\/index.php?rest_route=\/wp\/v2\/pages\/2782\/revisions"}],"predecessor-version":[{"id":4454,"href":"http:\/\/www.lsk-boxing.fr\/index.php?rest_route=\/wp\/v2\/pages\/2782\/revisions\/4454"}],"up":[{"embeddable":true,"href":"http:\/\/www.lsk-boxing.fr\/index.php?rest_route=\/wp\/v2\/pages\/386"}],"wp:attachment":[{"href":"http:\/\/www.lsk-boxing.fr\/index.php?rest_route=%2Fwp%2Fv2%2Fmedia&parent=2782"}],"curies":[{"name":"wp","href":"https:\/\/api.w.org\/{rel}","templated":true}]}}