{"id":20,"date":"2009-05-21T12:26:07","date_gmt":"2009-05-21T10:26:07","guid":{"rendered":"http:\/\/www.lsk-boxing.fr\/?page_id=20"},"modified":"2023-08-25T13:24:12","modified_gmt":"2023-08-25T13:24:12","slug":"boxe-francaise","status":"publish","type":"page","link":"http:\/\/www.lsk-boxing.fr\/?page_id=20","title":{"rendered":"BOXE THA\u00cf \/ MUAY THA\u00cf"},"content":{"rendered":"\n\n  <div class=\"banner has-hover\" id=\"banner-852974312\">\n          <div class=\"banner-inner fill\">\n        <div class=\"banner-bg fill\" >\n            <div class=\"bg fill bg-fill \"><\/div>\n                                    \n                    <\/div><!-- bg-layers -->\n        <div class=\"banner-layers container\">\n            <div class=\"fill banner-link\"><\/div>            \n\n   <div id=\"text-box-1902078682\" class=\"text-box banner-layer x0 md-x5 lg-x5 y100 md-y95 lg-y95 res-text\">\n                                <div class=\"text dark\">\n              \n              <div class=\"text-inner text-center\">\n                  \n\n<p style=\"text-align: left;\"><span style=\"color: #282828;\"><strong>Horaires et lieux<\/strong><strong>&nbsp;:&nbsp;<\/strong><\/span><\/p>\n<p style=\"text-align: left;\"><span style=\"color: #282828;\"><strong>Gymnase des Merisiers &#8211; rue Rossini &#8211; Jouy le Moutier<\/strong><\/span><br \/><span style=\"color: #282828;\"><em>Mardi&nbsp;<\/em>: 18H00 \u00e0 19H00 ados&nbsp; &nbsp;et&nbsp;&nbsp; 19H00-20H30 adultes<\/span><\/p>\n<p style=\"text-align: left;\"><span style=\"color: #282828;\"><em>Jeudi&nbsp;<\/em>:&nbsp; 18H00 \u00e0 19H00 ados&nbsp; &nbsp;et&nbsp;&nbsp; 19H00-20H15 adultes<\/span><\/p>\n<p style=\"text-align: left;\"><span style=\"color: #282828;\">samedi:&nbsp; 14H15 \u00e0 15H15 enfants et 15h15 \u00e0 16h45 ados\/adultes<\/span><\/p>\n<p style=\"text-align: left;\"><span style=\"color: #282828;\"><strong>Gymnase Ste Apolline \u00e0 Courdimanche<\/strong><\/span><\/p>\n<p style=\"text-align: left;\"><span style=\"color: #282828;\"><em>Samedi&nbsp;<\/em>:&nbsp; 14H15 \u00e0 15H15 enfants 15H15 \u00e0 15H15 \u00e0 16H45 ados\/adultes<\/span><\/p>\n\n              <\/div>\n           <\/div><!-- text-box-inner -->\n                            \n<style scope=\"scope\">\n\n#text-box-1902078682 {\n  width: 94%;\n}\n#text-box-1902078682 .text {\n  font-size: 100%;\n}\n\n\n@media (min-width:550px) {\n\n  #text-box-1902078682 {\n    width: 60%;\n  }\n\n}\n<\/style>\n    <\/div><!-- text-box -->\n \n   <div id=\"text-box-1716958575\" class=\"text-box banner-layer x50 md-x5 lg-x5 y50 md-y0 lg-y0 res-text\">\n                                <div class=\"text dark\">\n              \n              <div class=\"text-inner text-center\">\n                  \n\n<p style=\"text-align: left;\"><span style=\"color: #282828;\">La boxe Tha\u00eflandaise ou Muai Tha\u00ef est un sport de combat et art martial d&rsquo;origine tha\u00eflandaise. les coups autoris\u00e9s sont les suivants : coups de poings, de coudes, de genoux et de pieds. Les saisies sont autoris\u00e9es ainsi que quelques projections. C&rsquo;est la boxe pieds\/poings la plus compl\u00e8te<\/span><\/p>\n<p style=\"text-align: left;\"><span style=\"color: #282828;\"><span style=\"text-decoration: underline;\">Qui peut pratiquer<\/span> ?<\/span><\/p>\n<p style=\"text-align: left;\"><span style=\"color: #282828;\">La boxe tha\u00eflandaise est une discipline qui s\u2019adresse aussi bien aux enfants qu\u2019aux adultes, pour celles et ceux qui recherchent une pratique de loisir, une pratique comp\u00e9titive recherchant l\u2019opposition gestuelle, des combats aux touches contr\u00f4l\u00e9es ou encore l\u2019affrontement r\u00e9el et de plein contact.<\/span><\/p>\n<p style=\"text-align: left;\">&nbsp;<\/p>\n\n              <\/div>\n           <\/div><!-- text-box-inner -->\n                            \n<style scope=\"scope\">\n\n#text-box-1716958575 {\n  width: 100%;\n}\n#text-box-1716958575 .text {\n  font-size: 100%;\n}\n\n\n@media (min-width:550px) {\n\n  #text-box-1716958575 {\n    width: 58%;\n  }\n\n}\n<\/style>\n    <\/div><!-- text-box -->\n \n   <div id=\"text-box-1105032025\" class=\"text-box banner-layer x50 md-x95 lg-x95 y0 md-y15 lg-y5 res-text\">\n                                <div class=\"text dark\">\n              \n              <div class=\"text-inner text-center\">\n                  \n\n\t<div class=\"img has-hover x md-x lg-x y md-y lg-y\" id=\"image_1603629752\">\n\t\t\t\t\t\t\t\t<div class=\"img-inner dark\" >\n\t\t\t<img loading=\"lazy\" decoding=\"async\" width=\"1020\" height=\"679\" src=\"http:\/\/www.lsk-boxing.fr\/wp-content\/uploads\/2020\/07\/5f1e11b8b291a.jpg\" class=\"attachment-large size-large\" alt=\"\" srcset=\"http:\/\/www.lsk-boxing.fr\/wp-content\/uploads\/2020\/07\/5f1e11b8b291a.jpg 1024w, http:\/\/www.lsk-boxing.fr\/wp-content\/uploads\/2020\/07\/5f1e11b8b291a-300x200.jpg 300w, http:\/\/www.lsk-boxing.fr\/wp-content\/uploads\/2020\/07\/5f1e11b8b291a-768x512.jpg 768w\" sizes=\"auto, (max-width: 1020px) 100vw, 1020px\" \/>\t\t\t\t\t\t\n\t\t\t\t\t<\/div>\n\t\t\t\t\t\t\t\t\n<style scope=\"scope\">\n\n#image_1603629752 {\n  width: 100%;\n}\n<\/style>\n\t<\/div>\n\t\n\n\n              <\/div>\n           <\/div><!-- text-box-inner -->\n                            \n<style scope=\"scope\">\n\n#text-box-1105032025 {\n  width: 71%;\n}\n#text-box-1105032025 .text {\n  font-size: 100%;\n}\n\n\n@media (min-width:550px) {\n\n  #text-box-1105032025 {\n    width: 29%;\n  }\n\n}\n<\/style>\n    <\/div><!-- text-box -->\n \n\n        <\/div><!-- .banner-layers -->\n      <\/div><!-- .banner-inner -->\n\n            \n<style scope=\"scope\">\n\n#banner-852974312 {\n  padding-top: 591px;\n  background-color: rgb(255,255,255);\n}\n\n\n@media (min-width:550px) {\n\n  #banner-852974312 {\n    padding-top: 612px;\n  }\n\n}\n<\/style>\n  <\/div><!-- .banner -->\n\n\n\n","protected":false},"excerpt":{"rendered":"","protected":false},"author":2,"featured_media":0,"parent":386,"menu_order":1,"comment_status":"closed","ping_status":"closed","template":"","meta":{"ngg_post_thumbnail":0,"footnotes":""},"class_list":["post-20","page","type-page","status-publish","hentry"],"_links":{"self":[{"href":"http:\/\/www.lsk-boxing.fr\/index.php?rest_route=\/wp\/v2\/pages\/20","targetHints":{"allow":["GET"]}}],"collection":[{"href":"http:\/\/www.lsk-boxing.fr\/index.php?rest_route=\/wp\/v2\/pages"}],"about":[{"href":"http:\/\/www.lsk-boxing.fr\/index.php?rest_route=\/wp\/v2\/types\/page"}],"author":[{"embeddable":true,"href":"http:\/\/www.lsk-boxing.fr\/index.php?rest_route=\/wp\/v2\/users\/2"}],"replies":[{"embeddable":true,"href":"http:\/\/www.lsk-boxing.fr\/index.php?rest_route=%2Fwp%2Fv2%2Fcomments&post=20"}],"version-history":[{"count":15,"href":"http:\/\/www.lsk-boxing.fr\/index.php?rest_route=\/wp\/v2\/pages\/20\/revisions"}],"predecessor-version":[{"id":4456,"href":"http:\/\/www.lsk-boxing.fr\/index.php?rest_route=\/wp\/v2\/pages\/20\/revisions\/4456"}],"up":[{"embeddable":true,"href":"http:\/\/www.lsk-boxing.fr\/index.php?rest_route=\/wp\/v2\/pages\/386"}],"wp:attachment":[{"href":"http:\/\/www.lsk-boxing.fr\/index.php?rest_route=%2Fwp%2Fv2%2Fmedia&parent=20"}],"curies":[{"name":"wp","href":"https:\/\/api.w.org\/{rel}","templated":true}]}}