{"id":17,"date":"2009-05-21T12:25:23","date_gmt":"2009-05-21T10:25:23","guid":{"rendered":"http:\/\/www.lsk-boxing.fr\/?page_id=17"},"modified":"2022-09-14T22:16:46","modified_gmt":"2022-09-14T22:16:46","slug":"kick-boxing","status":"publish","type":"page","link":"http:\/\/www.lsk-boxing.fr\/?page_id=17","title":{"rendered":"Kick Boxing \/ K1 Rules"},"content":{"rendered":"\n\n  <div class=\"banner has-hover\" id=\"banner-231684901\">\n          <div class=\"banner-inner fill\">\n        <div class=\"banner-bg fill\" >\n            <div class=\"bg fill bg-fill \"><\/div>\n                                    \n                    <\/div><!-- bg-layers -->\n        <div class=\"banner-layers container\">\n            <div class=\"fill banner-link\"><\/div>            \n\n   <div id=\"text-box-1438261297\" class=\"text-box banner-layer x50 md-x5 lg-x5 y100 md-y95 lg-y95 res-text\">\n                                <div class=\"text dark\">\n              \n              <div class=\"text-inner text-center\">\n                  \n\n<p style=\"text-align: left;\"><span style=\"color: #282828;\">Le <b>kick-boxing<\/b>&nbsp;d\u00e9signe&nbsp; l&rsquo;ensemble des pratiques de combat utilisant les&nbsp;<a style=\"color: #282828;\" title=\"Coup de pied\" href=\"https:\/\/fr.wikipedia.org\/wiki\/Coup_de_pied\" target=\"_blank\" rel=\"noopener noreferrer\" data-saferedirecturl=\"https:\/\/www.google.com\/url?q=https:\/\/fr.wikipedia.org\/wiki\/Coup_de_pied&amp;source=gmail&amp;ust=1595884061835000&amp;usg=AFQjCNGEWKizjfSOfDtavor1SBdBtHjvAQ\">coups de pied<\/a>&nbsp;et&nbsp;<a style=\"color: #282828;\" title=\"Coup de poing\" href=\"https:\/\/fr.wikipedia.org\/wiki\/Coup_de_poing\" target=\"_blank\" rel=\"noopener noreferrer\" data-saferedirecturl=\"https:\/\/www.google.com\/url?q=https:\/\/fr.wikipedia.org\/wiki\/Coup_de_poing&amp;source=gmail&amp;ust=1595884061835000&amp;usg=AFQjCNGnrIIiIRKwaXOZEkeka7CvTyP0Jg\">coups de poing<\/a>. Il existe de nombreuses formes de kick-boxing notamment&nbsp;: les boxes am\u00e9ricaines (<a style=\"color: #282828;\" title=\"Full-contact\" href=\"https:\/\/fr.wikipedia.org\/wiki\/Full-contact\" target=\"_blank\" rel=\"noopener noreferrer\" data-saferedirecturl=\"https:\/\/www.google.com\/url?q=https:\/\/fr.wikipedia.org\/wiki\/Full-contact&amp;source=gmail&amp;ust=1595884061835000&amp;usg=AFQjCNG8dhRwkX--VOAk3_JlpyqNEk5v9w\">full-contact<\/a>&nbsp;ou&nbsp;<a style=\"color: #282828;\" title=\"Kick-boxing am\u00e9ricain\" href=\"https:\/\/fr.wikipedia.org\/wiki\/Kick-boxing_am%C3%A9ricain\" target=\"_blank\" rel=\"noopener noreferrer\" data-saferedirecturl=\"https:\/\/www.google.com\/url?q=https:\/\/fr.wikipedia.org\/wiki\/Kick-boxing_am%25C3%25A9ricain&amp;source=gmail&amp;ust=1595884061835000&amp;usg=AFQjCNGcKBIilpa-cx1Du0DvJ0LQjWlwMw\">kick-boxing am\u00e9ricain<\/a>&nbsp;sans low-kick, kick-boxing am\u00e9ricain avec low-kick ) et le K1 Rules (kick boxing japonais incluant les coups de genoux).<\/span><\/p>\n<p style=\"text-align: left;\"><span style=\"color: #282828;\">Au LSK BOXING nous pratiquons le kick boxing (avec low kicks) et le K1.<\/span><\/p>\n<div>&nbsp;<\/div>\n<div id=\"m_-606559066405210437gmail-post-17\">\n<div>\n<p style=\"text-align: left;\"><span style=\"color: #282828;\"><strong>Horaires et lieux<\/strong><strong>&nbsp;:&nbsp;<\/strong><\/span><\/p>\n<p style=\"text-align: left;\"><span style=\"color: #282828;\"><strong>Hall omnisports Philippe Hemet (dojo) \u00e0 Pontoise &#8211; rue Pierre De Coubertin &#8211; 95300 Pontoise<\/strong><\/span><\/p>\n<p style=\"text-align: left;\"><span style=\"color: #282828;\"><em>Mardi&nbsp;<\/em>: 18H00 \u00e0 19H00&nbsp; enfants &#8211; 19H00 \u00e0 20H30 ados et de 20H30 \u00e0 22H00 adultes<\/span><\/p>\n<p style=\"text-align: left;\"><span style=\"color: #282828;\"><em>Jeudi&nbsp;<\/em>:&nbsp; 20H30 \u00e0 22H00 adultes<\/span><\/p>\n<\/div>\n<\/div>\n\n              <\/div>\n           <\/div><!-- text-box-inner -->\n                            \n<style scope=\"scope\">\n\n#text-box-1438261297 {\n  width: 100%;\n}\n#text-box-1438261297 .text {\n  font-size: 100%;\n}\n\n\n@media (min-width:550px) {\n\n  #text-box-1438261297 {\n    width: 63%;\n  }\n\n}\n<\/style>\n    <\/div><!-- text-box -->\n \n   <div id=\"text-box-497730205\" class=\"text-box banner-layer x50 md-x95 lg-x95 y0 md-y5 lg-y5 res-text\">\n                                <div class=\"text dark\">\n              \n              <div class=\"text-inner text-center\">\n                  \n\n\t<div class=\"img has-hover x md-x lg-x y md-y lg-y\" id=\"image_1673283546\">\n\t\t\t\t\t\t\t\t<div class=\"img-inner dark\" >\n\t\t\t<img loading=\"lazy\" decoding=\"async\" width=\"1020\" height=\"679\" src=\"http:\/\/www.lsk-boxing.fr\/wp-content\/uploads\/2020\/07\/5f1e13293e5f4.jpg\" class=\"attachment-large size-large\" alt=\"\" srcset=\"http:\/\/www.lsk-boxing.fr\/wp-content\/uploads\/2020\/07\/5f1e13293e5f4.jpg 1024w, http:\/\/www.lsk-boxing.fr\/wp-content\/uploads\/2020\/07\/5f1e13293e5f4-300x200.jpg 300w, http:\/\/www.lsk-boxing.fr\/wp-content\/uploads\/2020\/07\/5f1e13293e5f4-768x512.jpg 768w\" sizes=\"auto, (max-width: 1020px) 100vw, 1020px\" \/>\t\t\t\t\t\t\n\t\t\t\t\t<\/div>\n\t\t\t\t\t\t\t\t\n<style scope=\"scope\">\n\n#image_1673283546 {\n  width: 100%;\n}\n<\/style>\n\t<\/div>\n\t\n\n\n              <\/div>\n           <\/div><!-- text-box-inner -->\n                            \n<style scope=\"scope\">\n\n#text-box-497730205 {\n  width: 58%;\n}\n#text-box-497730205 .text {\n  font-size: 100%;\n}\n\n\n@media (min-width:550px) {\n\n  #text-box-497730205 {\n    width: 25%;\n  }\n\n}\n<\/style>\n    <\/div><!-- text-box -->\n \n\n        <\/div><!-- .banner-layers -->\n      <\/div><!-- .banner-inner -->\n\n            \n<style scope=\"scope\">\n\n#banner-231684901 {\n  padding-top: 456px;\n  background-color: rgb(255,255,255);\n}\n\n\n@media (min-width:550px) {\n\n  #banner-231684901 {\n    padding-top: 411px;\n  }\n\n}\n<\/style>\n  <\/div><!-- .banner -->\n\n\n\n","protected":false},"excerpt":{"rendered":"","protected":false},"author":2,"featured_media":0,"parent":386,"menu_order":2,"comment_status":"closed","ping_status":"closed","template":"","meta":{"ngg_post_thumbnail":0,"footnotes":""},"class_list":["post-17","page","type-page","status-publish","hentry"],"_links":{"self":[{"href":"http:\/\/www.lsk-boxing.fr\/index.php?rest_route=\/wp\/v2\/pages\/17","targetHints":{"allow":["GET"]}}],"collection":[{"href":"http:\/\/www.lsk-boxing.fr\/index.php?rest_route=\/wp\/v2\/pages"}],"about":[{"href":"http:\/\/www.lsk-boxing.fr\/index.php?rest_route=\/wp\/v2\/types\/page"}],"author":[{"embeddable":true,"href":"http:\/\/www.lsk-boxing.fr\/index.php?rest_route=\/wp\/v2\/users\/2"}],"replies":[{"embeddable":true,"href":"http:\/\/www.lsk-boxing.fr\/index.php?rest_route=%2Fwp%2Fv2%2Fcomments&post=17"}],"version-history":[{"count":5,"href":"http:\/\/www.lsk-boxing.fr\/index.php?rest_route=\/wp\/v2\/pages\/17\/revisions"}],"predecessor-version":[{"id":4435,"href":"http:\/\/www.lsk-boxing.fr\/index.php?rest_route=\/wp\/v2\/pages\/17\/revisions\/4435"}],"up":[{"embeddable":true,"href":"http:\/\/www.lsk-boxing.fr\/index.php?rest_route=\/wp\/v2\/pages\/386"}],"wp:attachment":[{"href":"http:\/\/www.lsk-boxing.fr\/index.php?rest_route=%2Fwp%2Fv2%2Fmedia&parent=17"}],"curies":[{"name":"wp","href":"https:\/\/api.w.org\/{rel}","templated":true}]}}