{"id":127,"date":"2009-05-21T22:27:02","date_gmt":"2009-05-21T20:27:02","guid":{"rendered":"http:\/\/www.lsk-boxing.fr\/?page_id=127"},"modified":"2020-08-31T13:53:10","modified_gmt":"2020-08-31T13:53:10","slug":"cardio-boxing","status":"publish","type":"page","link":"http:\/\/www.lsk-boxing.fr\/?page_id=127","title":{"rendered":"A\u00e9ro-kick \/ Cardio-boxing"},"content":{"rendered":"\n\n  <div class=\"banner has-hover\" id=\"banner-827267936\">\n          <div class=\"banner-inner fill\">\n        <div class=\"banner-bg fill\" >\n            <div class=\"bg fill bg-fill \"><\/div>\n                                    \n                    <\/div><!-- bg-layers -->\n        <div class=\"banner-layers container\">\n            <div class=\"fill banner-link\"><\/div>            \n\n   <div id=\"text-box-696107671\" class=\"text-box banner-layer x50 md-x5 lg-x5 y100 md-y50 lg-y50 res-text\">\n                                <div class=\"text dark\">\n              \n              <div class=\"text-inner text-center\">\n                  \n\n<div>\n<div style=\"text-align: left;\"><span style=\"font-size: medium; color: #282828;\">Forme de pratique des ann\u00e9es 1990, issue des \u00c9tats-Unis ax\u00e9e sur la condition physique et notamment le d\u00e9veloppement de la fonction cardio-respiratoire (appel\u00e9e \u00ab\u00a0cardio-training\u00a0\u00bb). Elle consiste \u00e0 ex\u00e9cuter des techniques de boxe et d\u2019art martial dans le<\/span><\/div>\n<div style=\"text-align: left;\">\n<div style=\"text-align: justify;\">&nbsp;<\/div>\n<div style=\"text-align: justify;\"><span style=\"font-size: medium; color: #282828;\">vide, dans un ordre chor\u00e9graphi\u00e9 et en musique.<\/span><\/div>\n<\/div>\n<div style=\"text-align: left;\"><span style=\"font-size: medium; color: #282828;\">Cette pratique de salle est devenue une discipline de comp\u00e9tition appel\u00e9e \u00ab\u00a0a\u00e9ro-kick\u00a0\u00bb par de nombreuses f\u00e9d\u00e9rations mondiales de kickboxing et d\u2019arts martiaux ; notamment par la World Kickboxing Association (WKA) et l&rsquo;International Sport Kickboxing Association (ISKA).<\/span><\/div>\n<div>\n<p style=\"text-align: left;\"><strong><span style=\"color: #282828;\">Horaires et lieux :<\/span><\/strong><br \/><span style=\"color: #282828;\">\u2022 Lundi 19h-20h (aerokick)<\/span><br \/><span style=\"color: #282828;\">Foyer rural , place de l\u2019\u00e9glise 95300 H\u00e9rouville<\/span><\/p>\n<p style=\"text-align: left;\"><span style=\"color: #282828;\">\u2022 Mercredi 20h-21h (cross training)<\/span><br \/><span style=\"color: #282828;\">\u00c9cole Paul Cezanne, 2 bld des cordeliers 95300 Pontoise<\/span><\/p>\n<\/div>\n<\/div>\n\n              <\/div>\n           <\/div><!-- text-box-inner -->\n                            \n<style scope=\"scope\">\n\n#text-box-696107671 {\n  width: 100%;\n}\n#text-box-696107671 .text {\n  font-size: 100%;\n}\n\n\n@media (min-width:550px) {\n\n  #text-box-696107671 {\n    width: 64%;\n  }\n\n}\n<\/style>\n    <\/div><!-- text-box -->\n \n   <div id=\"text-box-552714819\" class=\"text-box banner-layer x50 md-x95 lg-x95 y0 md-y50 lg-y50 res-text\">\n                                <div class=\"text dark\">\n              \n              <div class=\"text-inner text-center\">\n                  \n\n\t<div class=\"img has-hover x md-x lg-x y md-y lg-y\" id=\"image_2015083159\">\n\t\t\t\t\t\t\t\t<div class=\"img-inner dark\" >\n\t\t\t<img loading=\"lazy\" decoding=\"async\" width=\"407\" height=\"576\" src=\"http:\/\/www.lsk-boxing.fr\/wp-content\/uploads\/2009\/05\/aerokick.jpg\" class=\"attachment-large size-large\" alt=\"\" srcset=\"http:\/\/www.lsk-boxing.fr\/wp-content\/uploads\/2009\/05\/aerokick.jpg 407w, http:\/\/www.lsk-boxing.fr\/wp-content\/uploads\/2009\/05\/aerokick-212x300.jpg 212w, http:\/\/www.lsk-boxing.fr\/wp-content\/uploads\/2009\/05\/aerokick-106x150.jpg 106w\" sizes=\"auto, (max-width: 407px) 100vw, 407px\" \/>\t\t\t\t\t\t\n\t\t\t\t\t<\/div>\n\t\t\t\t\t\t\t\t\n<style scope=\"scope\">\n\n#image_2015083159 {\n  width: 100%;\n}\n<\/style>\n\t<\/div>\n\t\n\n\n              <\/div>\n           <\/div><!-- text-box-inner -->\n                            \n<style scope=\"scope\">\n\n#text-box-552714819 {\n  width: 52%;\n}\n#text-box-552714819 .text {\n  font-size: 100%;\n}\n\n\n@media (min-width:550px) {\n\n  #text-box-552714819 {\n    width: 19%;\n  }\n\n}\n<\/style>\n    <\/div><!-- text-box -->\n \n\n        <\/div><!-- .banner-layers -->\n      <\/div><!-- .banner-inner -->\n\n            \n<style scope=\"scope\">\n\n#banner-827267936 {\n  padding-top: 765px;\n  background-color: rgb(255,255,255);\n}\n\n\n@media (min-width:550px) {\n\n  #banner-827267936 {\n    padding-top: 421px;\n  }\n\n}\n\n\n@media (min-width:850px) {\n\n  #banner-827267936 {\n    padding-top: 383px;\n  }\n\n}\n<\/style>\n  <\/div><!-- .banner -->\n\n\n\n","protected":false},"excerpt":{"rendered":"","protected":false},"author":2,"featured_media":0,"parent":386,"menu_order":4,"comment_status":"closed","ping_status":"closed","template":"","meta":{"ngg_post_thumbnail":0,"footnotes":""},"class_list":["post-127","page","type-page","status-publish","hentry"],"_links":{"self":[{"href":"http:\/\/www.lsk-boxing.fr\/index.php?rest_route=\/wp\/v2\/pages\/127","targetHints":{"allow":["GET"]}}],"collection":[{"href":"http:\/\/www.lsk-boxing.fr\/index.php?rest_route=\/wp\/v2\/pages"}],"about":[{"href":"http:\/\/www.lsk-boxing.fr\/index.php?rest_route=\/wp\/v2\/types\/page"}],"author":[{"embeddable":true,"href":"http:\/\/www.lsk-boxing.fr\/index.php?rest_route=\/wp\/v2\/users\/2"}],"replies":[{"embeddable":true,"href":"http:\/\/www.lsk-boxing.fr\/index.php?rest_route=%2Fwp%2Fv2%2Fcomments&post=127"}],"version-history":[{"count":6,"href":"http:\/\/www.lsk-boxing.fr\/index.php?rest_route=\/wp\/v2\/pages\/127\/revisions"}],"predecessor-version":[{"id":4312,"href":"http:\/\/www.lsk-boxing.fr\/index.php?rest_route=\/wp\/v2\/pages\/127\/revisions\/4312"}],"up":[{"embeddable":true,"href":"http:\/\/www.lsk-boxing.fr\/index.php?rest_route=\/wp\/v2\/pages\/386"}],"wp:attachment":[{"href":"http:\/\/www.lsk-boxing.fr\/index.php?rest_route=%2Fwp%2Fv2%2Fmedia&parent=127"}],"curies":[{"name":"wp","href":"https:\/\/api.w.org\/{rel}","templated":true}]}}